{"id":309,"date":"2025-07-26T22:54:23","date_gmt":"2025-07-26T22:54:23","guid":{"rendered":"https:\/\/mthavocat.com\/?page_id=309"},"modified":"2025-08-31T19:26:30","modified_gmt":"2025-08-31T19:26:30","slug":"contact-mbaye-yacine-thiam","status":"publish","type":"page","link":"https:\/\/mthavocat.com\/en\/contact-mbaye-yacine-thiam\/","title":{"rendered":"Contact"},"content":{"rendered":"<p>[et_pb_section fb_built=\u00a0\u00bb1&Prime; admin_label=\u00a0\u00bbHeader\u00a0\u00bb _builder_version=\u00a0\u00bb4.27.0&Prime; _module_preset=\u00a0\u00bbdefault\u00a0\u00bb min_height=\u00a0\u00bb777.5px\u00a0\u00bb custom_margin=\u00a0\u00bb-66px|||||\u00a0\u00bb custom_padding=\u00a0\u00bb0px||2px|||\u00a0\u00bb collapsed=\u00a0\u00bbon\u00a0\u00bb global_colors_info=\u00a0\u00bb{}\u00a0\u00bb][et_pb_row _builder_version=\u00a0\u00bb4.27.0&Prime; _module_preset=\u00a0\u00bbdefault\u00a0\u00bb global_colors_info=\u00a0\u00bb{}\u00a0\u00bb][et_pb_column type=\u00a0\u00bb4_4&Prime; _builder_version=\u00a0\u00bb4.27.0&Prime; _module_preset=\u00a0\u00bbdefault\u00a0\u00bb global_colors_info=\u00a0\u00bb{}\u00a0\u00bb][et_pb_heading title=\u00a0\u00bbContactez-nous\u00a0\u00bb _builder_version=\u00a0\u00bb4.27.4&Prime; _module_preset=\u00a0\u00bb37e0a9f4-8121-4c16-85cc-b0ee3713bc85&Prime; animation_style=\u00a0\u00bbslide\u00a0\u00bb animation_direction=\u00a0\u00bbleft\u00a0\u00bb animation_duration=\u00a0\u00bb1500ms\u00a0\u00bb global_colors_info=\u00a0\u00bb{}\u00a0\u00bb][\/et_pb_heading][et_pb_text _builder_version=\u00a0\u00bb4.27.4&Prime; _module_preset=\u00a0\u00bbdefault\u00a0\u00bb animation_style=\u00a0\u00bbslide\u00a0\u00bb animation_direction=\u00a0\u00bbleft\u00a0\u00bb animation_duration=\u00a0\u00bb1500ms\u00a0\u00bb animation_delay=\u00a0\u00bb50ms\u00a0\u00bb link_option_url_new_window=\u00a0\u00bbon\u00a0\u00bb global_colors_info=\u00a0\u00bb{}\u00a0\u00bb]<\/p>\n<article class=\"text-token-text-primary w-full focus:outline-none scroll-mt-[calc(var(--header-height)+min(200px,max(70px,20svh)))]\" dir=\"auto\" data-testid=\"conversation-turn-32\" data-scroll-anchor=\"true\" data-turn=\"assistant\" tabindex=\"-1\">\n<div class=\"text-base my-auto mx-auto pb-10 [--thread-content-margin:--spacing(4)] @[37rem]:[--thread-content-margin:--spacing(6)] @[72rem]:[--thread-content-margin:--spacing(16)] px-(--thread-content-margin)\">\n<div class=\"[--thread-content-max-width:32rem] @[34rem]:[--thread-content-max-width:40rem] @[64rem]:[--thread-content-max-width:48rem] mx-auto max-w-(--thread-content-max-width) flex-1 group\/turn-messages focus-visible:outline-hidden relative flex w-full min-w-0 flex-col agent-turn\" tabindex=\"-1\">\n<div class=\"flex max-w-full flex-col grow\">\n<div data-message-author-role=\"assistant\" data-message-id=\"ca1dd1a7-0ea7-4453-b298-248a609116c5\" dir=\"auto\" class=\"min-h-8 text-message relative flex w-full flex-col items-end gap-2 text-start break-words whitespace-normal [.text-message+&amp;]:mt-5\" data-message-model-slug=\"gpt-4o\">\n<div class=\"flex w-full flex-col gap-1 empty:hidden first:pt-[3px]\">\n<div class=\"markdown prose dark:prose-invert w-full break-words light\">\n<p data-start=\"58\" data-end=\"263\" data-is-last-node=\"\" data-is-only-node=\"\">Le cabinet est \u00e0 votre disposition pour tout \u00e9change, prise de rendez-vous ou suivi de ses actualit\u00e9s. N\u2019h\u00e9sitez pas \u00e0 nous contacter ou \u00e0 nous suivre sur <span style=\"text-decoration: underline;\"><span style=\"color: #000000; text-decoration: underline;\"><a href=\"http:\/\/www.linkedin.com\/in\/mbaye-yacine-thiam-ab145988\" style=\"color: #000000; text-decoration: underline;\" target=\"_blank\" rel=\"noopener\">LinkedIn<\/a><\/span><\/span>.<\/p>\n<\/div>\n<\/div>\n<\/div>\n<\/div>\n<\/div>\n<\/div>\n<\/article>\n<p>[\/et_pb_text][\/et_pb_column][\/et_pb_row][et_pb_row column_structure=\u00a0\u00bb3_4,1_4&Prime; _builder_version=\u00a0\u00bb4.27.0&Prime; _module_preset=\u00a0\u00bbdefault\u00a0\u00bb custom_margin=\u00a0\u00bb|auto|-5px|auto||\u00a0\u00bb global_colors_info=\u00a0\u00bb{}\u00a0\u00bb][et_pb_column type=\u00a0\u00bb3_4&Prime; _builder_version=\u00a0\u00bb4.27.0&Prime; _module_preset=\u00a0\u00bbdefault\u00a0\u00bb global_colors_info=\u00a0\u00bb{}\u00a0\u00bb][et_pb_map address=\u00a0\u00bbV8JW+27 Paris\u00a0\u00bb address_lat=\u00a0\u00bb48.8801114&Prime; address_lng=\u00a0\u00bb2.3456645&Prime; mouse_wheel=\u00a0\u00bbon\u00a0\u00bb _builder_version=\u00a0\u00bb4.27.4&Prime; _module_preset=\u00a0\u00bbf47bbb45-3857-484c-90fa-d74a2a48fc5b\u00a0\u00bb min_height=\u00a0\u00bb421px\u00a0\u00bb custom_margin=\u00a0\u00bb|1px||||\u00a0\u00bb filter_saturate=\u00a0\u00bb0%\u00a0\u00bb animation_style=\u00a0\u00bbslide\u00a0\u00bb animation_direction=\u00a0\u00bbleft\u00a0\u00bb animation_duration=\u00a0\u00bb1500ms\u00a0\u00bb animation_delay=\u00a0\u00bb100ms\u00a0\u00bb global_colors_info=\u00a0\u00bb{}\u00a0\u00bb][et_pb_map_pin pin_address=\u00a0\u00bb4 Rue Turgot, 75009 Paris, France\u00a0\u00bb zoom_level=\u00a0\u00bb16&Prime; pin_address_lat=\u00a0\u00bb48.8801114&Prime; pin_address_lng=\u00a0\u00bb2.3456645&Prime; _builder_version=\u00a0\u00bb4.27.4&Prime; _module_preset=\u00a0\u00bbdefault\u00a0\u00bb global_colors_info=\u00a0\u00bb{}\u00a0\u00bb][\/et_pb_map_pin][\/et_pb_map][\/et_pb_column][et_pb_column type=\u00a0\u00bb1_4&Prime; _builder_version=\u00a0\u00bb4.27.0&Prime; _module_preset=\u00a0\u00bbdefault\u00a0\u00bb global_colors_info=\u00a0\u00bb{}\u00a0\u00bb][et_pb_text _builder_version=\u00a0\u00bb4.27.4&Prime; _module_preset=\u00a0\u00bbdefault\u00a0\u00bb custom_margin=\u00a0\u00bb||10px|-1px|false|false\u00a0\u00bb animation_style=\u00a0\u00bbslide\u00a0\u00bb animation_direction=\u00a0\u00bbright\u00a0\u00bb animation_duration=\u00a0\u00bb1500ms\u00a0\u00bb animation_delay=\u00a0\u00bb100ms\u00a0\u00bb link_option_url=\u00a0\u00bbmailto:contact@mthavocat.com\u00a0\u00bb global_colors_info=\u00a0\u00bb{}\u00a0\u00bb]<\/p>\n<p><strong>contact@mthavocat.com<\/strong><\/p>\n<p>[\/et_pb_text][et_pb_text _builder_version=\u00a0\u00bb4.27.4&Prime; _module_preset=\u00a0\u00bbdefault\u00a0\u00bb custom_margin=\u00a0\u00bb||10px||false|false\u00a0\u00bb animation_style=\u00a0\u00bbslide\u00a0\u00bb animation_direction=\u00a0\u00bbright\u00a0\u00bb animation_duration=\u00a0\u00bb1500ms\u00a0\u00bb animation_delay=\u00a0\u00bb100ms\u00a0\u00bb link_option_url=\u00a0\u00bbhttps:\/\/maps.app.goo.gl\/s1nwj1PczjBzmdcPA\u00a0\u00bb link_option_url_new_window=\u00a0\u00bbon\u00a0\u00bb global_colors_info=\u00a0\u00bb{}\u00a0\u00bb]<\/p>\n<p>4, rue Turgot &#8211; 75009 Paris<\/p>\n<p>[\/et_pb_text][et_pb_text _builder_version=\u00a0\u00bb4.27.4&Prime; _module_preset=\u00a0\u00bbdefault\u00a0\u00bb custom_margin=\u00a0\u00bb||10px||false|false\u00a0\u00bb animation_style=\u00a0\u00bbslide\u00a0\u00bb animation_direction=\u00a0\u00bbright\u00a0\u00bb animation_duration=\u00a0\u00bb1500ms\u00a0\u00bb animation_delay=\u00a0\u00bb100ms\u00a0\u00bb link_option_url=\u00a0\u00bbtel:+33750957157&Prime; global_colors_info=\u00a0\u00bb{}\u00a0\u00bb]<\/p>\n<p>+33 7 50 95 71 57<\/p>\n<p>[\/et_pb_text][\/et_pb_column][\/et_pb_row][\/et_pb_section][et_pb_section fb_built=\u00a0\u00bb1&Prime; disabled_on=\u00a0\u00bbon|off|off\u00a0\u00bb _builder_version=\u00a0\u00bb4.27.4&Prime; _module_preset=\u00a0\u00bbdefault\u00a0\u00bb background_image=\u00a0\u00bbhttps:\/\/mthavocat.com\/wp-content\/uploads\/2025\/07\/john-lee-P04HX9SpTfU-unsplash-scaled.jpg\u00a0\u00bb parallax=\u00a0\u00bbon\u00a0\u00bb parallax_method=\u00a0\u00bboff\u00a0\u00bb min_height=\u00a0\u00bb67.7px\u00a0\u00bb custom_margin=\u00a0\u00bb2px|||||\u00a0\u00bb custom_padding=\u00a0\u00bb0px||82px|||\u00a0\u00bb hover_enabled=\u00a0\u00bb0&Prime; global_colors_info=\u00a0\u00bb{}\u00a0\u00bb sticky_enabled=\u00a0\u00bb0&Prime;][\/et_pb_section]<\/p>\n","protected":false},"excerpt":{"rendered":"<p>Le cabinet est \u00e0 votre disposition pour tout \u00e9change, prise de rendez-vous ou suivi de ses actualit\u00e9s. N\u2019h\u00e9sitez pas \u00e0 nous contacter ou \u00e0 nous suivre sur LinkedIn. contact@mthavocat.com4, rue Turgot &#8211; 75009 Paris+33 7 50 95 71 57<\/p>","protected":false},"author":1,"featured_media":376,"parent":0,"menu_order":0,"comment_status":"closed","ping_status":"closed","template":"","meta":{"_et_pb_use_builder":"on","_et_pb_old_content":"","_et_gb_content_width":"","footnotes":""},"class_list":["post-309","page","type-page","status-publish","has-post-thumbnail","hentry"],"yoast_head":"<!-- This site is optimized with the Yoast SEO plugin v26.6 - https:\/\/yoast.com\/wordpress\/plugins\/seo\/ -->\n<title>M.TH Avocat - Mbaye-Yacine THIAM - Contact<\/title>\n<meta name=\"description\" content=\"Contact de Mbaye-Yacine THIAM : d\u00e9fense en contentieux des affaires, droit p\u00e9nal et protection des lanceurs d\u2019alerte.\" \/>\n<meta name=\"robots\" content=\"index, follow, max-snippet:-1, max-image-preview:large, max-video-preview:-1\" \/>\n<link rel=\"canonical\" href=\"https:\/\/mthavocat.com\/en\/contact-mbaye-yacine-thiam\/\" \/>\n<meta property=\"og:locale\" content=\"en_US\" \/>\n<meta property=\"og:type\" content=\"article\" \/>\n<meta property=\"og:title\" content=\"M.TH Avocat - Mbaye-Yacine THIAM - Contact\" \/>\n<meta property=\"og:description\" content=\"Contact de Mbaye-Yacine THIAM : d\u00e9fense en contentieux des affaires, droit p\u00e9nal et protection des lanceurs d\u2019alerte.\" \/>\n<meta property=\"og:url\" content=\"https:\/\/mthavocat.com\/en\/contact-mbaye-yacine-thiam\/\" \/>\n<meta property=\"og:site_name\" content=\"MTH Avocat\" \/>\n<meta property=\"article:modified_time\" content=\"2025-08-31T19:26:30+00:00\" \/>\n<meta property=\"og:image\" content=\"https:\/\/mthavocat.com\/wp-content\/uploads\/2025\/07\/Photo-cabinet-1-scaled.jpg\" \/>\n\t<meta property=\"og:image:width\" content=\"1921\" \/>\n\t<meta property=\"og:image:height\" content=\"2560\" \/>\n\t<meta property=\"og:image:type\" content=\"image\/jpeg\" \/>\n<meta name=\"twitter:card\" content=\"summary_large_image\" \/>\n<meta name=\"twitter:label1\" content=\"Est. reading time\" \/>\n\t<meta name=\"twitter:data1\" content=\"1 minute\" \/>\n<script type=\"application\/ld+json\" class=\"yoast-schema-graph\">{\"@context\":\"https:\/\/schema.org\",\"@graph\":[{\"@type\":\"WebPage\",\"@id\":\"https:\/\/mthavocat.com\/contact-mbaye-yacine-thiam\/\",\"url\":\"https:\/\/mthavocat.com\/contact-mbaye-yacine-thiam\/\",\"name\":\"M.TH Avocat - Mbaye-Yacine THIAM - Contact\",\"isPartOf\":{\"@id\":\"https:\/\/mthavocat.com\/#website\"},\"primaryImageOfPage\":{\"@id\":\"https:\/\/mthavocat.com\/contact-mbaye-yacine-thiam\/#primaryimage\"},\"image\":{\"@id\":\"https:\/\/mthavocat.com\/contact-mbaye-yacine-thiam\/#primaryimage\"},\"thumbnailUrl\":\"https:\/\/mthavocat.com\/wp-content\/uploads\/2025\/07\/Photo-cabinet-1-scaled.jpg\",\"datePublished\":\"2025-07-26T22:54:23+00:00\",\"dateModified\":\"2025-08-31T19:26:30+00:00\",\"description\":\"Contact de Mbaye-Yacine THIAM : d\u00e9fense en contentieux des affaires, droit p\u00e9nal et protection des lanceurs d\u2019alerte.\",\"breadcrumb\":{\"@id\":\"https:\/\/mthavocat.com\/contact-mbaye-yacine-thiam\/#breadcrumb\"},\"inLanguage\":\"en-US\",\"potentialAction\":[{\"@type\":\"ReadAction\",\"target\":[\"https:\/\/mthavocat.com\/contact-mbaye-yacine-thiam\/\"]}]},{\"@type\":\"ImageObject\",\"inLanguage\":\"en-US\",\"@id\":\"https:\/\/mthavocat.com\/contact-mbaye-yacine-thiam\/#primaryimage\",\"url\":\"https:\/\/mthavocat.com\/wp-content\/uploads\/2025\/07\/Photo-cabinet-1-scaled.jpg\",\"contentUrl\":\"https:\/\/mthavocat.com\/wp-content\/uploads\/2025\/07\/Photo-cabinet-1-scaled.jpg\",\"width\":1921,\"height\":2560,\"caption\":\"Cabinet M.TH Avocat \u2013 Mbaye-Yacine Thiam, avocat \u00e0 Paris, sp\u00e9cialis\u00e9 en contentieux des affaires, droit p\u00e9nal et d\u00e9fense des lanceurs d\u2019alerte.\"},{\"@type\":\"BreadcrumbList\",\"@id\":\"https:\/\/mthavocat.com\/contact-mbaye-yacine-thiam\/#breadcrumb\",\"itemListElement\":[{\"@type\":\"ListItem\",\"position\":1,\"name\":\"Accueil\",\"item\":\"https:\/\/mthavocat.com\/\"},{\"@type\":\"ListItem\",\"position\":2,\"name\":\"Contact\"}]},{\"@type\":\"WebSite\",\"@id\":\"https:\/\/mthavocat.com\/#website\",\"url\":\"https:\/\/mthavocat.com\/\",\"name\":\"MTH Avocat\",\"description\":\"Le droit des affaires ind\u00e9pendant et engag\u00e9.\",\"publisher\":{\"@id\":\"https:\/\/mthavocat.com\/#\/schema\/person\/d319a8c4dd1a55bf6a69bb291fb65927\"},\"potentialAction\":[{\"@type\":\"SearchAction\",\"target\":{\"@type\":\"EntryPoint\",\"urlTemplate\":\"https:\/\/mthavocat.com\/?s={search_term_string}\"},\"query-input\":{\"@type\":\"PropertyValueSpecification\",\"valueRequired\":true,\"valueName\":\"search_term_string\"}}],\"inLanguage\":\"en-US\"},{\"@type\":[\"Person\",\"Organization\"],\"@id\":\"https:\/\/mthavocat.com\/#\/schema\/person\/d319a8c4dd1a55bf6a69bb291fb65927\",\"name\":\"Mbaye-Yacine THIAM\",\"image\":{\"@type\":\"ImageObject\",\"inLanguage\":\"en-US\",\"@id\":\"https:\/\/mthavocat.com\/#\/schema\/person\/image\/\",\"url\":\"https:\/\/mthavocat.com\/wp-content\/uploads\/2025\/08\/cropped-M.TH-Avocat-1.png\",\"contentUrl\":\"https:\/\/mthavocat.com\/wp-content\/uploads\/2025\/08\/cropped-M.TH-Avocat-1.png\",\"width\":512,\"height\":512,\"caption\":\"Mbaye-Yacine THIAM\"},\"logo\":{\"@id\":\"https:\/\/mthavocat.com\/#\/schema\/person\/image\/\"},\"description\":\"Avocat au Barreau de Paris, Mbaye-Yacine THIAM exerce en contentieux des affaires, en droit p\u00e9nal et en droit du travail. Il s\u2019engage en particulier pour la protection des lanceurs d\u2019alerte, qu\u2019il accompagne tant en conseil qu\u2019en contentieux. Il a fond\u00e9 M.TH Avocat, cabinet d\u2019affaires ind\u00e9pendant qui intervient aupr\u00e8s d\u2019une client\u00e8le fran\u00e7aise et internationale compos\u00e9e d\u2019entreprises, de dirigeants et d\u2019associations.\",\"sameAs\":[\"https:\/\/mthavocat.com\",\"www.linkedin.com\/in\/mbaye-yacine-thiam-ab145988\"]}]}<\/script>\n<!-- \/ Yoast SEO plugin. -->","yoast_head_json":{"title":"M.TH Avocat - Mbaye-Yacine THIAM - Contact","description":"Contact Mbaye-Yacine THIAM: defense in business litigation, criminal law and whistleblower protection.","robots":{"index":"index","follow":"follow","max-snippet":"max-snippet:-1","max-image-preview":"max-image-preview:large","max-video-preview":"max-video-preview:-1"},"canonical":"https:\/\/mthavocat.com\/en\/contact-mbaye-yacine-thiam\/","og_locale":"en_US","og_type":"article","og_title":"M.TH Avocat - Mbaye-Yacine THIAM - Contact","og_description":"Contact de Mbaye-Yacine THIAM : d\u00e9fense en contentieux des affaires, droit p\u00e9nal et protection des lanceurs d\u2019alerte.","og_url":"https:\/\/mthavocat.com\/en\/contact-mbaye-yacine-thiam\/","og_site_name":"MTH Avocat","article_modified_time":"2025-08-31T19:26:30+00:00","og_image":[{"width":1921,"height":2560,"url":"https:\/\/mthavocat.com\/wp-content\/uploads\/2025\/07\/Photo-cabinet-1-scaled.jpg","type":"image\/jpeg"}],"twitter_card":"summary_large_image","twitter_misc":{"Est. reading time":"1 minute"},"schema":{"@context":"https:\/\/schema.org","@graph":[{"@type":"WebPage","@id":"https:\/\/mthavocat.com\/contact-mbaye-yacine-thiam\/","url":"https:\/\/mthavocat.com\/contact-mbaye-yacine-thiam\/","name":"M.TH Avocat - Mbaye-Yacine THIAM - Contact","isPartOf":{"@id":"https:\/\/mthavocat.com\/#website"},"primaryImageOfPage":{"@id":"https:\/\/mthavocat.com\/contact-mbaye-yacine-thiam\/#primaryimage"},"image":{"@id":"https:\/\/mthavocat.com\/contact-mbaye-yacine-thiam\/#primaryimage"},"thumbnailUrl":"https:\/\/mthavocat.com\/wp-content\/uploads\/2025\/07\/Photo-cabinet-1-scaled.jpg","datePublished":"2025-07-26T22:54:23+00:00","dateModified":"2025-08-31T19:26:30+00:00","description":"Contact Mbaye-Yacine THIAM: defense in business litigation, criminal law and whistleblower protection.","breadcrumb":{"@id":"https:\/\/mthavocat.com\/contact-mbaye-yacine-thiam\/#breadcrumb"},"inLanguage":"en-US","potentialAction":[{"@type":"ReadAction","target":["https:\/\/mthavocat.com\/contact-mbaye-yacine-thiam\/"]}]},{"@type":"ImageObject","inLanguage":"en-US","@id":"https:\/\/mthavocat.com\/contact-mbaye-yacine-thiam\/#primaryimage","url":"https:\/\/mthavocat.com\/wp-content\/uploads\/2025\/07\/Photo-cabinet-1-scaled.jpg","contentUrl":"https:\/\/mthavocat.com\/wp-content\/uploads\/2025\/07\/Photo-cabinet-1-scaled.jpg","width":1921,"height":2560,"caption":"Cabinet M.TH Avocat \u2013 Mbaye-Yacine Thiam, avocat \u00e0 Paris, sp\u00e9cialis\u00e9 en contentieux des affaires, droit p\u00e9nal et d\u00e9fense des lanceurs d\u2019alerte."},{"@type":"BreadcrumbList","@id":"https:\/\/mthavocat.com\/contact-mbaye-yacine-thiam\/#breadcrumb","itemListElement":[{"@type":"ListItem","position":1,"name":"Accueil","item":"https:\/\/mthavocat.com\/"},{"@type":"ListItem","position":2,"name":"Contact"}]},{"@type":"WebSite","@id":"https:\/\/mthavocat.com\/#website","url":"https:\/\/mthavocat.com\/","name":"MTH Lawyer","description":"Independent and ethically driven business law.","publisher":{"@id":"https:\/\/mthavocat.com\/#\/schema\/person\/d319a8c4dd1a55bf6a69bb291fb65927"},"potentialAction":[{"@type":"SearchAction","target":{"@type":"EntryPoint","urlTemplate":"https:\/\/mthavocat.com\/?s={search_term_string}"},"query-input":{"@type":"PropertyValueSpecification","valueRequired":true,"valueName":"search_term_string"}}],"inLanguage":"en-US"},{"@type":["Person","Organization"],"@id":"https:\/\/mthavocat.com\/#\/schema\/person\/d319a8c4dd1a55bf6a69bb291fb65927","name":"Mbaye-Yacine THIAM","image":{"@type":"ImageObject","inLanguage":"en-US","@id":"https:\/\/mthavocat.com\/#\/schema\/person\/image\/","url":"https:\/\/mthavocat.com\/wp-content\/uploads\/2025\/08\/cropped-M.TH-Avocat-1.png","contentUrl":"https:\/\/mthavocat.com\/wp-content\/uploads\/2025\/08\/cropped-M.TH-Avocat-1.png","width":512,"height":512,"caption":"Mbaye-Yacine THIAM"},"logo":{"@id":"https:\/\/mthavocat.com\/#\/schema\/person\/image\/"},"description":"Mbaye-Yacine THIAM is a member of the Paris Bar and specializes in business litigation, criminal law and labor law. He is particularly committed to the protection of whistle-blowers, whom he advises and assists in litigation. He founded M.TH Avocat, an independent business law firm serving French and international clients, including companies, executives and associations.","sameAs":["https:\/\/mthavocat.com","www.linkedin.com\/in\/mbaye-yacine-thiam-ab145988"]}]}},"_links":{"self":[{"href":"https:\/\/mthavocat.com\/en\/wp-json\/wp\/v2\/pages\/309","targetHints":{"allow":["GET"]}}],"collection":[{"href":"https:\/\/mthavocat.com\/en\/wp-json\/wp\/v2\/pages"}],"about":[{"href":"https:\/\/mthavocat.com\/en\/wp-json\/wp\/v2\/types\/page"}],"author":[{"embeddable":true,"href":"https:\/\/mthavocat.com\/en\/wp-json\/wp\/v2\/users\/1"}],"replies":[{"embeddable":true,"href":"https:\/\/mthavocat.com\/en\/wp-json\/wp\/v2\/comments?post=309"}],"version-history":[{"count":29,"href":"https:\/\/mthavocat.com\/en\/wp-json\/wp\/v2\/pages\/309\/revisions"}],"predecessor-version":[{"id":971,"href":"https:\/\/mthavocat.com\/en\/wp-json\/wp\/v2\/pages\/309\/revisions\/971"}],"wp:featuredmedia":[{"embeddable":true,"href":"https:\/\/mthavocat.com\/en\/wp-json\/wp\/v2\/media\/376"}],"wp:attachment":[{"href":"https:\/\/mthavocat.com\/en\/wp-json\/wp\/v2\/media?parent=309"}],"curies":[{"name":"wp","href":"https:\/\/api.w.org\/{rel}","templated":true}]}}