{"id":627,"date":"2025-08-01T22:21:28","date_gmt":"2025-08-01T22:21:28","guid":{"rendered":"https:\/\/mthavocat.com\/?page_id=627"},"modified":"2025-09-24T09:30:55","modified_gmt":"2025-09-24T09:30:55","slug":"legal-information","status":"publish","type":"page","link":"https:\/\/mthavocat.com\/en\/legal-information\/","title":{"rendered":"Terms of use"},"content":{"rendered":"<p>[et_pb_section fb_built=\u00a0\u00bb1&Prime; admin_label=\u00a0\u00bbHero Section\u00a0\u00bb _builder_version=\u00a0\u00bb4.27.4&Prime; custom_padding=\u00a0\u00bb0|0px|0px|0px\u00a0\u00bb global_colors_info=\u00a0\u00bb{}\u00a0\u00bb][et_pb_row use_custom_gutter=\u00a0\u00bbon\u00a0\u00bb make_equal=\u00a0\u00bbon\u00a0\u00bb _builder_version=\u00a0\u00bb4.27.4&Prime; width=\u00a0\u00bb100%\u00a0\u00bb max_width=\u00a0\u00bb100%\u00a0\u00bb min_height=\u00a0\u00bb1635.9px\u00a0\u00bb custom_padding=\u00a0\u00bb0px|0|62px|||\u00a0\u00bb use_custom_width=\u00a0\u00bbon\u00a0\u00bb width_unit=\u00a0\u00bboff\u00a0\u00bb custom_width_percent=\u00a0\u00bb100%\u00a0\u00bb global_colors_info=\u00a0\u00bb{}\u00a0\u00bb][et_pb_column type=\u00a0\u00bb4_4&Prime; _builder_version=\u00a0\u00bb4.27.4&Prime; custom_padding=\u00a0\u00bb200px|4%|200px|8%\u00a0\u00bb custom_padding_tablet=\u00a0\u00bb60px|10%|60px|10%\u00a0\u00bb custom_padding_phone=\u00a0\u00bb60px|10%|60px|10%\u00a0\u00bb custom_padding_last_edited=\u00a0\u00bbon|tablet\u00a0\u00bb padding_tablet=\u00a0\u00bb60px|10%|60px|10%\u00a0\u00bb padding_last_edited=\u00a0\u00bbon|tablet\u00a0\u00bb custom_padding__hover=\u00a0\u00bb|||\u00a0\u00bb padding_phone=\u00a0\u00bb60px|10%|60px|10%\u00a0\u00bb][et_pb_text _builder_version=\u00a0\u00bb4.27.4&Prime; _module_preset=\u00a0\u00bbdefault\u00a0\u00bb width=\u00a0\u00bb82.8%\u00a0\u00bb min_height=\u00a0\u00bb1480.9px\u00a0\u00bb custom_margin=\u00a0\u00bb-135px||24px|-1px||\u00a0\u00bb custom_padding=\u00a0\u00bb||0px|0px||\u00a0\u00bb hover_enabled=\u00a0\u00bb0&Prime; global_colors_info=\u00a0\u00bb{}\u00a0\u00bb sticky_enabled=\u00a0\u00bb0&Prime;]<\/p>\n<h1>M.TH Avocat<\/h1>\n<h3 data-start=\"236\" data-end=\"268\"><strong data-start=\"240\" data-end=\"268\">\u00c9dition du site Internet<\/strong><\/h3>\n<p data-start=\"270\" data-end=\"586\">Le site accessible \u00e0 l\u2019adresse <a data-start=\"301\" data-end=\"347\" class=\"cursor-pointer\" rel=\"noopener\" target=\"_new\">https:\/\/mthavocat.com<\/a>\u00a0(ci-apr\u00e8s \u00ab le Site \u00bb) est \u00e9dit\u00e9 par Ma\u00eetre <strong data-start=\"392\" data-end=\"414\">Mbaye-Yacine THIAM<\/strong>, avocat exer\u00e7ant \u00e0 titre individuel sous le nom commercial <strong data-start=\"474\" data-end=\"493\">\u00ab M.TH Avocat \u00bb<\/strong>, inscrit au barreau de Paris, dont le domicile professionnel est situ\u00e9 au 4, rue Turgot &#8211; 75009 Paris.<\/p>\n<hr data-start=\"588\" data-end=\"591\" \/>\n<h3 data-start=\"593\" data-end=\"627\"><strong data-start=\"597\" data-end=\"627\">R\u00e9daction du site Internet<\/strong><\/h3>\n<p data-start=\"629\" data-end=\"684\">Directeur de la publication : Ma\u00eetre Mbaye-Yacine THIAM<\/p>\n<hr data-start=\"686\" data-end=\"689\" \/>\n<h3 data-start=\"691\" data-end=\"725\"><strong data-start=\"695\" data-end=\"725\">H\u00e9bergeur du site Internet<\/strong><\/h3>\n<p data-start=\"727\" data-end=\"945\">Le Site est h\u00e9berg\u00e9 par la soci\u00e9t\u00e9 <strong data-start=\"762\" data-end=\"787\">Infomaniak Network SA<\/strong>,<br data-start=\"788\" data-end=\"791\" \/>Rue Eug\u00e8ne-Marziano 25, 1227 Les Acacias (Gen\u00e8ve), Suisse<br data-start=\"848\" data-end=\"851\" \/>Site : <a data-start=\"858\" data-end=\"914\" class=\"cursor-pointer\" rel=\"noopener\" target=\"_new\">https:\/\/www.infomaniak.com<\/a><br data-start=\"914\" data-end=\"917\" \/>T\u00e9l\u00e9phone : +41 22 820 35 44<\/p>\n<hr data-start=\"947\" data-end=\"950\" \/>\n<h3 data-start=\"952\" data-end=\"967\"><strong data-start=\"956\" data-end=\"967\">Cr\u00e9dits<\/strong><\/h3>\n<p data-start=\"969\" data-end=\"1066\">Visuels : Unsplash<br data-start=\"987\" data-end=\"990\" \/>Portraits : Th\u00e9o DEPOIX-TUIKALEPA<br data-start=\"1023\" data-end=\"1026\" \/>R\u00e9alisation du site : Mbaye-Yacine THIAM<\/p>\n<hr data-start=\"1068\" data-end=\"1071\" \/>\n<h3 data-start=\"1073\" data-end=\"1119\"><strong data-start=\"1077\" data-end=\"1119\">Respect de la propri\u00e9t\u00e9 intellectuelle<\/strong><\/h3>\n<p data-start=\"1121\" data-end=\"1502\">Toutes les marques, photographies, textes, commentaires, illustrations, images anim\u00e9es ou non, s\u00e9quences vid\u00e9o, sons, ainsi que toutes les applications informatiques qui pourraient \u00eatre utilis\u00e9es pour faire fonctionner le Site, et plus g\u00e9n\u00e9ralement tous les \u00e9l\u00e9ments reproduits ou utilis\u00e9s sur le Site, sont prot\u00e9g\u00e9s par les lois en vigueur au titre de la propri\u00e9t\u00e9 intellectuelle.<\/p>\n<p data-start=\"1504\" data-end=\"1849\">Ils sont la propri\u00e9t\u00e9 pleine et enti\u00e8re de l\u2019\u00c9diteur ou de ses partenaires, sauf mention contraire. Toute reproduction, repr\u00e9sentation, utilisation ou adaptation, sous quelque forme que ce soit, de tout ou partie de ces \u00e9l\u00e9ments, y compris les applications informatiques, sans l\u2019accord pr\u00e9alable et \u00e9crit de l\u2019\u00c9diteur, est strictement interdite.<\/p>\n<p data-start=\"1851\" data-end=\"2043\">Le fait pour l\u2019\u00c9diteur de ne pas engager de proc\u00e9dure d\u00e8s la prise de connaissance d\u2019une utilisation non autoris\u00e9e ne vaut pas acceptation de ladite utilisation ni renonciation aux poursuites.<\/p>\n<p data-start=\"2045\" data-end=\"2274\">Seule l\u2019utilisation pour un usage priv\u00e9 dans un cercle de famille est autoris\u00e9e. Toute autre utilisation est constitutive de contrefa\u00e7on et\/ou d\u2019atteinte aux droits voisins, sanctionn\u00e9e par le Code de la propri\u00e9t\u00e9 intellectuelle.<\/p>\n<p data-start=\"2276\" data-end=\"2424\">La reprise de tout ou partie du contenu du Site n\u00e9cessite l\u2019autorisation pr\u00e9alable et \u00e9crite de l\u2019\u00c9diteur ou du titulaire des droits sur ce contenu.<\/p>\n<hr data-start=\"2426\" data-end=\"2429\" \/>\n<h3 data-start=\"2431\" data-end=\"2456\"><strong data-start=\"2435\" data-end=\"2456\">M\u00e9diateur de la consommation<\/strong><\/h3>\n<p class=\"p1\">Conform\u00e9ment aux dispositions des articles L.612-1 et suivants du Code de la consommation, vous avez la possibilit\u00e9, en cas de litige, de recourir gratuitement au M\u00e9diateur de la consommation aupr\u00e8s du Conseil National des Barreaux (CNB) dont les coordonn\u00e9es sont les suivantes : CNB, M\u00e9diateur \u00e0 la consommation de la profession d\u2019avocat, 180 boulevard Haussmann &#8211; 75008 PARIS.<\/p>\n<p class=\"p1\">Pour plus d\u2019information, vous pouvez vous connecter sur la plateforme <a href=\"https:\/\/www.economie.gouv.fr\/mediation-conso\">https:\/\/www.economie.gouv.fr\/mediation-conso<\/a>.<\/p>\n<p>[\/et_pb_text][\/et_pb_column][\/et_pb_row][\/et_pb_section][et_pb_section fb_built=\u00a0\u00bb1&Prime; admin_label=\u00a0\u00bbHero Section\u00a0\u00bb _builder_version=\u00a0\u00bb4.27.4&Prime; custom_padding=\u00a0\u00bb0|0px|0px|0px\u00a0\u00bb global_colors_info=\u00a0\u00bb{}\u00a0\u00bb][\/et_pb_section][et_pb_section fb_built=\u00a0\u00bb1&Prime; admin_label=\u00a0\u00bbHero Section\u00a0\u00bb _builder_version=\u00a0\u00bb4.27.4&Prime; custom_padding=\u00a0\u00bb0|0px|0px|0px\u00a0\u00bb global_colors_info=\u00a0\u00bb{}\u00a0\u00bb][\/et_pb_section][et_pb_section fb_built=\u00a0\u00bb1&Prime; disabled_on=\u00a0\u00bbon|on|off\u00a0\u00bb _builder_version=\u00a0\u00bb4.27.4&Prime; _module_preset=\u00a0\u00bbdefault\u00a0\u00bb background_image=\u00a0\u00bbhttps:\/\/mthavocat.com\/wp-content\/uploads\/2025\/07\/john-lee-P04HX9SpTfU-unsplash-scaled.jpg\u00a0\u00bb min_height=\u00a0\u00bb121.7px\u00a0\u00bb custom_margin=\u00a0\u00bb-241px|||||\u00a0\u00bb custom_padding=\u00a0\u00bb27px||0px|||\u00a0\u00bb background_last_edited=\u00a0\u00bbon|phone\u00a0\u00bb global_colors_info=\u00a0\u00bb{}\u00a0\u00bb][\/et_pb_section]<\/p>\n","protected":false},"excerpt":{"rendered":"<p>M.TH Avocat \u00c9dition du site Internet Le site accessible \u00e0 l\u2019adresse https:\/\/mthavocat.com\u00a0(ci-apr\u00e8s \u00ab le Site \u00bb) est \u00e9dit\u00e9 par Ma\u00eetre Mbaye-Yacine THIAM, avocat exer\u00e7ant \u00e0 titre individuel sous le nom commercial \u00ab M.TH Avocat \u00bb, inscrit au barreau de Paris, dont le domicile professionnel est situ\u00e9 au 4, rue Turgot &#8211; 75009 Paris. R\u00e9daction du [&hellip;]<\/p>\n","protected":false},"author":1,"featured_media":0,"parent":0,"menu_order":0,"comment_status":"closed","ping_status":"closed","template":"","meta":{"_et_pb_use_builder":"on","_et_pb_old_content":"","_et_gb_content_width":"","footnotes":""},"class_list":["post-627","page","type-page","status-publish","hentry"],"yoast_head":"<!-- This site is optimized with the Yoast SEO plugin v26.6 - https:\/\/yoast.com\/wordpress\/plugins\/seo\/ -->\n<title>Mentions l\u00e9gales | MTH Avocat<\/title>\n<meta name=\"robots\" content=\"index, follow, max-snippet:-1, max-image-preview:large, max-video-preview:-1\" \/>\n<link rel=\"canonical\" href=\"https:\/\/mthavocat.com\/en\/legal-information\/\" \/>\n<meta property=\"og:locale\" content=\"en_US\" \/>\n<meta property=\"og:type\" content=\"article\" \/>\n<meta property=\"og:title\" content=\"Mentions l\u00e9gales | MTH Avocat\" \/>\n<meta property=\"og:description\" content=\"M.TH Avocat \u00c9dition du site Internet Le site accessible \u00e0 l\u2019adresse https:\/\/mthavocat.com\u00a0(ci-apr\u00e8s \u00ab le Site \u00bb) est \u00e9dit\u00e9 par Ma\u00eetre Mbaye-Yacine THIAM, avocat exer\u00e7ant \u00e0 titre individuel sous le nom commercial \u00ab M.TH Avocat \u00bb, inscrit au barreau de Paris, dont le domicile professionnel est situ\u00e9 au 4, rue Turgot - 75009 Paris. R\u00e9daction du [&hellip;]\" \/>\n<meta property=\"og:url\" content=\"https:\/\/mthavocat.com\/en\/legal-information\/\" \/>\n<meta property=\"og:site_name\" content=\"MTH Avocat\" \/>\n<meta property=\"article:modified_time\" content=\"2025-09-24T09:30:55+00:00\" \/>\n<meta property=\"og:image\" content=\"https:\/\/mthavocat.com\/wp-content\/uploads\/2025\/08\/cropped-M.TH-Avocat-1.png\" \/>\n\t<meta property=\"og:image:width\" content=\"512\" \/>\n\t<meta property=\"og:image:height\" content=\"512\" \/>\n\t<meta property=\"og:image:type\" content=\"image\/png\" \/>\n<meta name=\"twitter:card\" content=\"summary_large_image\" \/>\n<meta name=\"twitter:label1\" content=\"Est. reading time\" \/>\n\t<meta name=\"twitter:data1\" content=\"3 minutes\" \/>\n<script type=\"application\/ld+json\" class=\"yoast-schema-graph\">{\"@context\":\"https:\/\/schema.org\",\"@graph\":[{\"@type\":\"WebPage\",\"@id\":\"https:\/\/mthavocat.com\/mentionslegales\/\",\"url\":\"https:\/\/mthavocat.com\/mentionslegales\/\",\"name\":\"Mentions l\u00e9gales | MTH Avocat\",\"isPartOf\":{\"@id\":\"https:\/\/mthavocat.com\/#website\"},\"datePublished\":\"2025-08-01T22:21:28+00:00\",\"dateModified\":\"2025-09-24T09:30:55+00:00\",\"breadcrumb\":{\"@id\":\"https:\/\/mthavocat.com\/mentionslegales\/#breadcrumb\"},\"inLanguage\":\"en-US\",\"potentialAction\":[{\"@type\":\"ReadAction\",\"target\":[\"https:\/\/mthavocat.com\/mentionslegales\/\"]}]},{\"@type\":\"BreadcrumbList\",\"@id\":\"https:\/\/mthavocat.com\/mentionslegales\/#breadcrumb\",\"itemListElement\":[{\"@type\":\"ListItem\",\"position\":1,\"name\":\"Accueil\",\"item\":\"https:\/\/mthavocat.com\/\"},{\"@type\":\"ListItem\",\"position\":2,\"name\":\"Mentions l\u00e9gales\"}]},{\"@type\":\"WebSite\",\"@id\":\"https:\/\/mthavocat.com\/#website\",\"url\":\"https:\/\/mthavocat.com\/\",\"name\":\"MTH Avocat\",\"description\":\"Le droit des affaires ind\u00e9pendant et engag\u00e9.\",\"publisher\":{\"@id\":\"https:\/\/mthavocat.com\/#\/schema\/person\/d319a8c4dd1a55bf6a69bb291fb65927\"},\"potentialAction\":[{\"@type\":\"SearchAction\",\"target\":{\"@type\":\"EntryPoint\",\"urlTemplate\":\"https:\/\/mthavocat.com\/?s={search_term_string}\"},\"query-input\":{\"@type\":\"PropertyValueSpecification\",\"valueRequired\":true,\"valueName\":\"search_term_string\"}}],\"inLanguage\":\"en-US\"},{\"@type\":[\"Person\",\"Organization\"],\"@id\":\"https:\/\/mthavocat.com\/#\/schema\/person\/d319a8c4dd1a55bf6a69bb291fb65927\",\"name\":\"Mbaye-Yacine THIAM\",\"image\":{\"@type\":\"ImageObject\",\"inLanguage\":\"en-US\",\"@id\":\"https:\/\/mthavocat.com\/#\/schema\/person\/image\/\",\"url\":\"https:\/\/mthavocat.com\/wp-content\/uploads\/2025\/08\/cropped-M.TH-Avocat-1.png\",\"contentUrl\":\"https:\/\/mthavocat.com\/wp-content\/uploads\/2025\/08\/cropped-M.TH-Avocat-1.png\",\"width\":512,\"height\":512,\"caption\":\"Mbaye-Yacine THIAM\"},\"logo\":{\"@id\":\"https:\/\/mthavocat.com\/#\/schema\/person\/image\/\"},\"description\":\"Avocat au Barreau de Paris, Mbaye-Yacine THIAM exerce en contentieux des affaires, en droit p\u00e9nal et en droit du travail. Il s\u2019engage en particulier pour la protection des lanceurs d\u2019alerte, qu\u2019il accompagne tant en conseil qu\u2019en contentieux. Il a fond\u00e9 M.TH Avocat, cabinet d\u2019affaires ind\u00e9pendant qui intervient aupr\u00e8s d\u2019une client\u00e8le fran\u00e7aise et internationale compos\u00e9e d\u2019entreprises, de dirigeants et d\u2019associations.\",\"sameAs\":[\"https:\/\/mthavocat.com\",\"www.linkedin.com\/in\/mbaye-yacine-thiam-ab145988\"]}]}<\/script>\n<!-- \/ Yoast SEO plugin. -->","yoast_head_json":{"title":"Legal information | MTH Avocat","robots":{"index":"index","follow":"follow","max-snippet":"max-snippet:-1","max-image-preview":"max-image-preview:large","max-video-preview":"max-video-preview:-1"},"canonical":"https:\/\/mthavocat.com\/en\/legal-information\/","og_locale":"en_US","og_type":"article","og_title":"Mentions l\u00e9gales | MTH Avocat","og_description":"M.TH Avocat \u00c9dition du site Internet Le site accessible \u00e0 l\u2019adresse https:\/\/mthavocat.com\u00a0(ci-apr\u00e8s \u00ab le Site \u00bb) est \u00e9dit\u00e9 par Ma\u00eetre Mbaye-Yacine THIAM, avocat exer\u00e7ant \u00e0 titre individuel sous le nom commercial \u00ab M.TH Avocat \u00bb, inscrit au barreau de Paris, dont le domicile professionnel est situ\u00e9 au 4, rue Turgot - 75009 Paris. R\u00e9daction du [&hellip;]","og_url":"https:\/\/mthavocat.com\/en\/legal-information\/","og_site_name":"MTH Avocat","article_modified_time":"2025-09-24T09:30:55+00:00","og_image":[{"width":512,"height":512,"url":"https:\/\/mthavocat.com\/wp-content\/uploads\/2025\/08\/cropped-M.TH-Avocat-1.png","type":"image\/png"}],"twitter_card":"summary_large_image","twitter_misc":{"Est. reading time":"3 minutes"},"schema":{"@context":"https:\/\/schema.org","@graph":[{"@type":"WebPage","@id":"https:\/\/mthavocat.com\/mentionslegales\/","url":"https:\/\/mthavocat.com\/mentionslegales\/","name":"Legal information | MTH Avocat","isPartOf":{"@id":"https:\/\/mthavocat.com\/#website"},"datePublished":"2025-08-01T22:21:28+00:00","dateModified":"2025-09-24T09:30:55+00:00","breadcrumb":{"@id":"https:\/\/mthavocat.com\/mentionslegales\/#breadcrumb"},"inLanguage":"en-US","potentialAction":[{"@type":"ReadAction","target":["https:\/\/mthavocat.com\/mentionslegales\/"]}]},{"@type":"BreadcrumbList","@id":"https:\/\/mthavocat.com\/mentionslegales\/#breadcrumb","itemListElement":[{"@type":"ListItem","position":1,"name":"Accueil","item":"https:\/\/mthavocat.com\/"},{"@type":"ListItem","position":2,"name":"Mentions l\u00e9gales"}]},{"@type":"WebSite","@id":"https:\/\/mthavocat.com\/#website","url":"https:\/\/mthavocat.com\/","name":"MTH Lawyer","description":"Independent and ethically driven business law.","publisher":{"@id":"https:\/\/mthavocat.com\/#\/schema\/person\/d319a8c4dd1a55bf6a69bb291fb65927"},"potentialAction":[{"@type":"SearchAction","target":{"@type":"EntryPoint","urlTemplate":"https:\/\/mthavocat.com\/?s={search_term_string}"},"query-input":{"@type":"PropertyValueSpecification","valueRequired":true,"valueName":"search_term_string"}}],"inLanguage":"en-US"},{"@type":["Person","Organization"],"@id":"https:\/\/mthavocat.com\/#\/schema\/person\/d319a8c4dd1a55bf6a69bb291fb65927","name":"Mbaye-Yacine THIAM","image":{"@type":"ImageObject","inLanguage":"en-US","@id":"https:\/\/mthavocat.com\/#\/schema\/person\/image\/","url":"https:\/\/mthavocat.com\/wp-content\/uploads\/2025\/08\/cropped-M.TH-Avocat-1.png","contentUrl":"https:\/\/mthavocat.com\/wp-content\/uploads\/2025\/08\/cropped-M.TH-Avocat-1.png","width":512,"height":512,"caption":"Mbaye-Yacine THIAM"},"logo":{"@id":"https:\/\/mthavocat.com\/#\/schema\/person\/image\/"},"description":"Mbaye-Yacine THIAM is a member of the Paris Bar and specializes in business litigation, criminal law and labor law. He is particularly committed to the protection of whistle-blowers, whom he advises and assists in litigation. He founded M.TH Avocat, an independent business law firm serving French and international clients, including companies, executives and associations.","sameAs":["https:\/\/mthavocat.com","www.linkedin.com\/in\/mbaye-yacine-thiam-ab145988"]}]}},"_links":{"self":[{"href":"https:\/\/mthavocat.com\/en\/wp-json\/wp\/v2\/pages\/627","targetHints":{"allow":["GET"]}}],"collection":[{"href":"https:\/\/mthavocat.com\/en\/wp-json\/wp\/v2\/pages"}],"about":[{"href":"https:\/\/mthavocat.com\/en\/wp-json\/wp\/v2\/types\/page"}],"author":[{"embeddable":true,"href":"https:\/\/mthavocat.com\/en\/wp-json\/wp\/v2\/users\/1"}],"replies":[{"embeddable":true,"href":"https:\/\/mthavocat.com\/en\/wp-json\/wp\/v2\/comments?post=627"}],"version-history":[{"count":14,"href":"https:\/\/mthavocat.com\/en\/wp-json\/wp\/v2\/pages\/627\/revisions"}],"predecessor-version":[{"id":998,"href":"https:\/\/mthavocat.com\/en\/wp-json\/wp\/v2\/pages\/627\/revisions\/998"}],"wp:attachment":[{"href":"https:\/\/mthavocat.com\/en\/wp-json\/wp\/v2\/media?parent=627"}],"curies":[{"name":"wp","href":"https:\/\/api.w.org\/{rel}","templated":true}]}}