{"id":664,"date":"2025-08-10T13:52:11","date_gmt":"2025-08-10T13:52:11","guid":{"rendered":"https:\/\/mthavocat.com\/?page_id=664"},"modified":"2025-08-31T19:21:45","modified_gmt":"2025-08-31T19:21:45","slug":"urgence-penal-contentieux-audience","status":"publish","type":"page","link":"https:\/\/mthavocat.com\/en\/urgence-penal-contentieux-audience\/","title":{"rendered":"Emergency"},"content":{"rendered":"<p>[et_pb_section fb_built=\u00a0\u00bb1&Prime; admin_label=\u00a0\u00bbHero Section\u00a0\u00bb _builder_version=\u00a0\u00bb4.16&Prime; custom_padding=\u00a0\u00bb0|0px|0px|0px\u00a0\u00bb global_colors_info=\u00a0\u00bb{}\u00a0\u00bb][et_pb_row column_structure=\u00a0\u00bb1_2,1_2&Prime; use_custom_gutter=\u00a0\u00bbon\u00a0\u00bb make_equal=\u00a0\u00bbon\u00a0\u00bb _builder_version=\u00a0\u00bb4.27.4&Prime; width=\u00a0\u00bb100%\u00a0\u00bb max_width=\u00a0\u00bb100%\u00a0\u00bb custom_padding=\u00a0\u00bb0px|0|0px|\u00a0\u00bb use_custom_width=\u00a0\u00bbon\u00a0\u00bb width_unit=\u00a0\u00bboff\u00a0\u00bb custom_width_percent=\u00a0\u00bb100%\u00a0\u00bb global_colors_info=\u00a0\u00bb{}\u00a0\u00bb][et_pb_column type=\u00a0\u00bb1_2&Prime; _builder_version=\u00a0\u00bb4.16&Prime; custom_padding=\u00a0\u00bb200px|4%|200px|8%\u00a0\u00bb custom_padding_tablet=\u00a0\u00bb60px|10%|60px|10%\u00a0\u00bb custom_padding_phone=\u00a0\u00bb60px|10%|60px|10%\u00a0\u00bb custom_padding_last_edited=\u00a0\u00bbon|tablet\u00a0\u00bb padding_tablet=\u00a0\u00bb60px|10%|60px|10%\u00a0\u00bb padding_last_edited=\u00a0\u00bbon|tablet\u00a0\u00bb custom_padding__hover=\u00a0\u00bb|||\u00a0\u00bb padding_phone=\u00a0\u00bb60px|10%|60px|10%\u00a0\u00bb][et_pb_text _builder_version=\u00a0\u00bb4.27.4&Prime; text_font=\u00a0\u00bb||||||||\u00a0\u00bb header_font=\u00a0\u00bb||||||||\u00a0\u00bb header_3_font=\u00a0\u00bbKarla|700||on|||||\u00a0\u00bb header_3_text_color=\u00a0\u00bb#c2ab92&Prime; header_3_font_size=\u00a0\u00bb16px\u00a0\u00bb header_3_letter_spacing=\u00a0\u00bb1px\u00a0\u00bb background_layout=\u00a0\u00bbdark\u00a0\u00bb max_width=\u00a0\u00bb600px\u00a0\u00bb module_alignment=\u00a0\u00bbleft\u00a0\u00bb custom_margin=\u00a0\u00bb||20px|\u00a0\u00bb animation_style=\u00a0\u00bbslide\u00a0\u00bb animation_direction=\u00a0\u00bbleft\u00a0\u00bb locked=\u00a0\u00bboff\u00a0\u00bb global_colors_info=\u00a0\u00bb{}\u00a0\u00bb]<\/p>\n<h3>Prenez rendez-vous sans attendre<\/h3>\n<p>[\/et_pb_text][et_pb_text _builder_version=\u00a0\u00bb4.27.4&Prime; text_font=\u00a0\u00bbKarla||||||||\u00a0\u00bb text_font_size=\u00a0\u00bb15px\u00a0\u00bb header_font=\u00a0\u00bbCormorant Garamond||||||||\u00a0\u00bb header_line_height=\u00a0\u00bb1.4em\u00a0\u00bb header_2_font=\u00a0\u00bb||||||||\u00a0\u00bb header_3_font=\u00a0\u00bb||||||||\u00a0\u00bb max_width=\u00a0\u00bb625px\u00a0\u00bb custom_margin=\u00a0\u00bb|-13px||||\u00a0\u00bb animation_style=\u00a0\u00bbslide\u00a0\u00bb animation_direction=\u00a0\u00bbleft\u00a0\u00bb animation_delay=\u00a0\u00bb100ms\u00a0\u00bb header_font_size_tablet=\u00a0\u00bb\u00a0\u00bb header_font_size_phone=\u00a0\u00bb30px\u00a0\u00bb header_font_size_last_edited=\u00a0\u00bbon|phone\u00a0\u00bb locked=\u00a0\u00bboff\u00a0\u00bb global_colors_info=\u00a0\u00bb{}\u00a0\u00bb]<\/p>\n<h1>Une urgence ?<\/h1>\n<p style=\"text-align: left;\">Pour une <strong data-start=\"105\" data-end=\"126\">urgence juridique<\/strong>, chaque minute compte. Le cabinet agit sans d\u00e9lai en :<\/p>\n<ul>\n<li style=\"text-align: left;\"><strong>proc\u00e9dure p\u00e9nale<\/strong> : garde \u00e0 vue, r\u00e9tention judiciaire, d\u00e9ferrement, d\u00e9tention, audience fix\u00e9e dans les deux prochaines semaines.<strong><\/strong><\/li>\n<li style=\"text-align: left;\"><strong>proc\u00e9dure civile et voies d&rsquo;ex\u00e9cution<\/strong> : r\u00e9f\u00e9r\u00e9, requ\u00eate 145, saisie conservatoire, assignation rapide, audience de derni\u00e8re minute.<\/li>\n<li style=\"text-align: left;\"><strong>droit du travail<\/strong> : mesures provisoires, contentieux urgents pour prot\u00e9ger vos droits et vos preuves.<\/li>\n<\/ul>\n<p style=\"text-align: left;\"><strong data-start=\"552\" data-end=\"588\">Cabinet p\u00e9naliste et contentieux<\/strong>, r\u00e9actif et exp\u00e9riment\u00e9, nous assurons votre d\u00e9fense imm\u00e9diate devant toute juridiction.<\/p>\n<p>[\/et_pb_text][et_pb_button button_url=\u00a0\u00bbhttp:\/\/+33750957157&Prime; button_text=\u00a0\u00bbMon avocat en Urgence\u00a0\u00bb module_id=\u00a0\u00bbsmart-contact-link\u00a0\u00bb _builder_version=\u00a0\u00bb4.27.4&Prime; button_text_size=\u00a0\u00bb13px\u00a0\u00bb button_text_color=\u00a0\u00bb#ffffff\u00a0\u00bb button_border_width=\u00a0\u00bb2px\u00a0\u00bb button_border_color=\u00a0\u00bb#c2ab92&Prime; button_border_radius=\u00a0\u00bb0px\u00a0\u00bb button_letter_spacing=\u00a0\u00bb2px\u00a0\u00bb button_font=\u00a0\u00bbKarla|700||on|||||\u00a0\u00bb button_icon=\u00a0\u00bb&#xf095;||fa||900&Prime; background_layout=\u00a0\u00bbdark\u00a0\u00bb custom_padding=\u00a0\u00bb10px||10px|\u00a0\u00bb animation_style=\u00a0\u00bbslide\u00a0\u00bb animation_delay=\u00a0\u00bb150ms\u00a0\u00bb button_letter_spacing_hover=\u00a0\u00bb2px\u00a0\u00bb locked=\u00a0\u00bboff\u00a0\u00bb global_colors_info=\u00a0\u00bb{}\u00a0\u00bb button_text_size__hover_enabled=\u00a0\u00bboff\u00a0\u00bb button_one_text_size__hover_enabled=\u00a0\u00bboff\u00a0\u00bb button_two_text_size__hover_enabled=\u00a0\u00bboff\u00a0\u00bb button_text_color__hover_enabled=\u00a0\u00bboff\u00a0\u00bb button_one_text_color__hover_enabled=\u00a0\u00bboff\u00a0\u00bb button_two_text_color__hover_enabled=\u00a0\u00bboff\u00a0\u00bb button_border_width__hover_enabled=\u00a0\u00bboff\u00a0\u00bb button_one_border_width__hover_enabled=\u00a0\u00bboff\u00a0\u00bb button_two_border_width__hover_enabled=\u00a0\u00bboff\u00a0\u00bb button_border_color__hover_enabled=\u00a0\u00bboff\u00a0\u00bb button_one_border_color__hover_enabled=\u00a0\u00bboff\u00a0\u00bb button_two_border_color__hover_enabled=\u00a0\u00bboff\u00a0\u00bb button_border_radius__hover_enabled=\u00a0\u00bboff\u00a0\u00bb button_one_border_radius__hover_enabled=\u00a0\u00bboff\u00a0\u00bb button_two_border_radius__hover_enabled=\u00a0\u00bboff\u00a0\u00bb button_letter_spacing__hover_enabled=\u00a0\u00bbon\u00a0\u00bb button_letter_spacing__hover=\u00a0\u00bb2px\u00a0\u00bb button_one_letter_spacing__hover_enabled=\u00a0\u00bboff\u00a0\u00bb button_two_letter_spacing__hover_enabled=\u00a0\u00bboff\u00a0\u00bb button_bg_color__hover_enabled=\u00a0\u00bboff\u00a0\u00bb button_one_bg_color__hover_enabled=\u00a0\u00bboff\u00a0\u00bb button_two_bg_color__hover_enabled=\u00a0\u00bboff\u00a0\u00bb][\/et_pb_button][\/et_pb_column][et_pb_column type=\u00a0\u00bb1_2&Prime; _builder_version=\u00a0\u00bb4.27.4&Prime; background_color=\u00a0\u00bb#121212&Prime; use_background_color_gradient=\u00a0\u00bbon\u00a0\u00bb background_color_gradient_stops=\u00a0\u00bbrgba(18,18,18,0.5) 100%|#121212 100%\u00a0\u00bb background_color_gradient_overlays_image=\u00a0\u00bbon\u00a0\u00bb background_color_gradient_start=\u00a0\u00bbrgba(18,18,18,0.5)\u00a0\u00bb background_color_gradient_end=\u00a0\u00bb#121212&Prime; background_enable_image=\u00a0\u00bboff\u00a0\u00bb custom_padding=\u00a0\u00bb100px||100px|\u00a0\u00bb custom_padding_tablet=\u00a0\u00bb60px||60px|\u00a0\u00bb custom_padding_phone=\u00a0\u00bb60px||60px|\u00a0\u00bb custom_padding_last_edited=\u00a0\u00bbon|desktop\u00a0\u00bb padding_tablet=\u00a0\u00bb60px||60px|\u00a0\u00bb padding_last_edited=\u00a0\u00bbon|desktop\u00a0\u00bb custom_padding__hover=\u00a0\u00bb|||\u00a0\u00bb padding_phone=\u00a0\u00bb60px||60px|\u00a0\u00bb][et_pb_image src=\u00a0\u00bbhttps:\/\/mthavocat.com\/wp-content\/uploads\/2025\/07\/vincent-nicolas-JwT9zeAT1Lw-unsplash-scaled.jpg\u00a0\u00bb title_text=\u00a0\u00bbvincent-nicolas-JwT9zeAT1Lw-unsplash\u00a0\u00bb src_tablet=\u00a0\u00bbhttps:\/\/mthavocat.com\/wp-content\/uploads\/2025\/07\/vincent-nicolas-JwT9zeAT1Lw-unsplash-scaled.jpg\u00a0\u00bb src_phone=\u00a0\u00bbhttps:\/\/mthavocat.com\/wp-content\/uploads\/2025\/07\/vincent-nicolas-JwT9zeAT1Lw-unsplash-scaled.jpg\u00a0\u00bb src_last_edited=\u00a0\u00bbon|desktop\u00a0\u00bb align_tablet=\u00a0\u00bbcenter\u00a0\u00bb align_phone=\u00a0\u00bbcenter\u00a0\u00bb align_last_edited=\u00a0\u00bbon|desktop\u00a0\u00bb _builder_version=\u00a0\u00bb4.27.4&Prime; width_tablet=\u00a0\u00bb\u00a0\u00bb width_phone=\u00a0\u00bb71%\u00a0\u00bb width_last_edited=\u00a0\u00bbon|phone\u00a0\u00bb max_width=\u00a0\u00bb600px\u00a0\u00bb max_width_tablet=\u00a0\u00bb\u00a0\u00bb max_width_phone=\u00a0\u00bb100%\u00a0\u00bb max_width_last_edited=\u00a0\u00bbon|phone\u00a0\u00bb custom_margin=\u00a0\u00bb|||-8%\u00a0\u00bb custom_margin_tablet=\u00a0\u00bb60px|60px|60px|60px\u00a0\u00bb custom_margin_phone=\u00a0\u00bb\u00a0\u00bb custom_margin_last_edited=\u00a0\u00bbon|desktop\u00a0\u00bb custom_padding=\u00a0\u00bb|||\u00a0\u00bb animation_style=\u00a0\u00bbflip\u00a0\u00bb animation_direction=\u00a0\u00bbleft\u00a0\u00bb animation_starting_opacity=\u00a0\u00bb50%\u00a0\u00bb box_shadow_style=\u00a0\u00bbpreset3&Prime; box_shadow_blur=\u00a0\u00bb80px\u00a0\u00bb global_colors_info=\u00a0\u00bb{}\u00a0\u00bb][\/et_pb_image][\/et_pb_column][\/et_pb_row][\/et_pb_section]<\/p>\n","protected":false},"excerpt":{"rendered":"<p>Prenez rendez-vous sans attendreUne urgence ? Pour une urgence juridique, chaque minute compte. Le cabinet agit sans d\u00e9lai en : proc\u00e9dure p\u00e9nale : garde \u00e0 vue, r\u00e9tention judiciaire, d\u00e9ferrement, d\u00e9tention, audience fix\u00e9e dans les deux prochaines semaines. proc\u00e9dure civile et voies d&rsquo;ex\u00e9cution : r\u00e9f\u00e9r\u00e9, requ\u00eate 145, saisie conservatoire, assignation rapide, audience de derni\u00e8re minute. droit [&hellip;]<\/p>\n","protected":false},"author":1,"featured_media":376,"parent":0,"menu_order":0,"comment_status":"closed","ping_status":"closed","template":"","meta":{"_et_pb_use_builder":"on","_et_pb_old_content":"","_et_gb_content_width":"","footnotes":""},"class_list":["post-664","page","type-page","status-publish","has-post-thumbnail","hentry"],"yoast_head":"<!-- This site is optimized with the Yoast SEO plugin v26.6 - https:\/\/yoast.com\/wordpress\/plugins\/seo\/ -->\n<title>M.TH Avocat - Contentieux, p\u00e9nal et droit du travail<\/title>\n<meta name=\"description\" content=\"Intervention d&#039;urgence en proc\u00e9dure p\u00e9nale, civile et droit du travail. D\u00e9fense imm\u00e9diate devant toute juridiction.\" \/>\n<meta name=\"robots\" content=\"index, follow, max-snippet:-1, max-image-preview:large, max-video-preview:-1\" \/>\n<link rel=\"canonical\" href=\"https:\/\/mthavocat.com\/en\/urgence-penal-contentieux-audience\/\" \/>\n<meta property=\"og:locale\" content=\"en_US\" \/>\n<meta property=\"og:type\" content=\"article\" \/>\n<meta property=\"og:title\" content=\"M.TH Avocat - Contentieux, p\u00e9nal et droit du travail\" \/>\n<meta property=\"og:description\" content=\"Intervention d&#039;urgence en proc\u00e9dure p\u00e9nale, civile et droit du travail. D\u00e9fense imm\u00e9diate devant toute juridiction.\" \/>\n<meta property=\"og:url\" content=\"https:\/\/mthavocat.com\/en\/urgence-penal-contentieux-audience\/\" \/>\n<meta property=\"og:site_name\" content=\"MTH Avocat\" \/>\n<meta property=\"article:modified_time\" content=\"2025-08-31T19:21:45+00:00\" \/>\n<meta property=\"og:image\" content=\"https:\/\/mthavocat.com\/wp-content\/uploads\/2025\/07\/Photo-cabinet-1-scaled.jpg\" \/>\n\t<meta property=\"og:image:width\" content=\"1921\" \/>\n\t<meta property=\"og:image:height\" content=\"2560\" \/>\n\t<meta property=\"og:image:type\" content=\"image\/jpeg\" \/>\n<meta name=\"twitter:card\" content=\"summary_large_image\" \/>\n<meta name=\"twitter:label1\" content=\"Est. reading time\" \/>\n\t<meta name=\"twitter:data1\" content=\"1 minute\" \/>\n<script type=\"application\/ld+json\" class=\"yoast-schema-graph\">{\"@context\":\"https:\/\/schema.org\",\"@graph\":[{\"@type\":\"WebPage\",\"@id\":\"https:\/\/mthavocat.com\/urgence-penal-contentieux-audience\/\",\"url\":\"https:\/\/mthavocat.com\/urgence-penal-contentieux-audience\/\",\"name\":\"M.TH Avocat - Contentieux, p\u00e9nal et droit du travail\",\"isPartOf\":{\"@id\":\"https:\/\/mthavocat.com\/#website\"},\"primaryImageOfPage\":{\"@id\":\"https:\/\/mthavocat.com\/urgence-penal-contentieux-audience\/#primaryimage\"},\"image\":{\"@id\":\"https:\/\/mthavocat.com\/urgence-penal-contentieux-audience\/#primaryimage\"},\"thumbnailUrl\":\"https:\/\/mthavocat.com\/wp-content\/uploads\/2025\/07\/Photo-cabinet-1-scaled.jpg\",\"datePublished\":\"2025-08-10T13:52:11+00:00\",\"dateModified\":\"2025-08-31T19:21:45+00:00\",\"description\":\"Intervention d'urgence en proc\u00e9dure p\u00e9nale, civile et droit du travail. D\u00e9fense imm\u00e9diate devant toute juridiction.\",\"breadcrumb\":{\"@id\":\"https:\/\/mthavocat.com\/urgence-penal-contentieux-audience\/#breadcrumb\"},\"inLanguage\":\"en-US\",\"potentialAction\":[{\"@type\":\"ReadAction\",\"target\":[\"https:\/\/mthavocat.com\/urgence-penal-contentieux-audience\/\"]}]},{\"@type\":\"ImageObject\",\"inLanguage\":\"en-US\",\"@id\":\"https:\/\/mthavocat.com\/urgence-penal-contentieux-audience\/#primaryimage\",\"url\":\"https:\/\/mthavocat.com\/wp-content\/uploads\/2025\/07\/Photo-cabinet-1-scaled.jpg\",\"contentUrl\":\"https:\/\/mthavocat.com\/wp-content\/uploads\/2025\/07\/Photo-cabinet-1-scaled.jpg\",\"width\":1921,\"height\":2560,\"caption\":\"Cabinet M.TH Avocat \u2013 Mbaye-Yacine Thiam, avocat \u00e0 Paris, sp\u00e9cialis\u00e9 en contentieux des affaires, droit p\u00e9nal et d\u00e9fense des lanceurs d\u2019alerte.\"},{\"@type\":\"BreadcrumbList\",\"@id\":\"https:\/\/mthavocat.com\/urgence-penal-contentieux-audience\/#breadcrumb\",\"itemListElement\":[{\"@type\":\"ListItem\",\"position\":1,\"name\":\"Accueil\",\"item\":\"https:\/\/mthavocat.com\/\"},{\"@type\":\"ListItem\",\"position\":2,\"name\":\"Urgence\"}]},{\"@type\":\"WebSite\",\"@id\":\"https:\/\/mthavocat.com\/#website\",\"url\":\"https:\/\/mthavocat.com\/\",\"name\":\"MTH Avocat\",\"description\":\"Le droit des affaires ind\u00e9pendant et engag\u00e9.\",\"publisher\":{\"@id\":\"https:\/\/mthavocat.com\/#\/schema\/person\/d319a8c4dd1a55bf6a69bb291fb65927\"},\"potentialAction\":[{\"@type\":\"SearchAction\",\"target\":{\"@type\":\"EntryPoint\",\"urlTemplate\":\"https:\/\/mthavocat.com\/?s={search_term_string}\"},\"query-input\":{\"@type\":\"PropertyValueSpecification\",\"valueRequired\":true,\"valueName\":\"search_term_string\"}}],\"inLanguage\":\"en-US\"},{\"@type\":[\"Person\",\"Organization\"],\"@id\":\"https:\/\/mthavocat.com\/#\/schema\/person\/d319a8c4dd1a55bf6a69bb291fb65927\",\"name\":\"Mbaye-Yacine THIAM\",\"image\":{\"@type\":\"ImageObject\",\"inLanguage\":\"en-US\",\"@id\":\"https:\/\/mthavocat.com\/#\/schema\/person\/image\/\",\"url\":\"https:\/\/mthavocat.com\/wp-content\/uploads\/2025\/08\/cropped-M.TH-Avocat-1.png\",\"contentUrl\":\"https:\/\/mthavocat.com\/wp-content\/uploads\/2025\/08\/cropped-M.TH-Avocat-1.png\",\"width\":512,\"height\":512,\"caption\":\"Mbaye-Yacine THIAM\"},\"logo\":{\"@id\":\"https:\/\/mthavocat.com\/#\/schema\/person\/image\/\"},\"description\":\"Avocat au Barreau de Paris, Mbaye-Yacine THIAM exerce en contentieux des affaires, en droit p\u00e9nal et en droit du travail. Il s\u2019engage en particulier pour la protection des lanceurs d\u2019alerte, qu\u2019il accompagne tant en conseil qu\u2019en contentieux. Il a fond\u00e9 M.TH Avocat, cabinet d\u2019affaires ind\u00e9pendant qui intervient aupr\u00e8s d\u2019une client\u00e8le fran\u00e7aise et internationale compos\u00e9e d\u2019entreprises, de dirigeants et d\u2019associations.\",\"sameAs\":[\"https:\/\/mthavocat.com\",\"www.linkedin.com\/in\/mbaye-yacine-thiam-ab145988\"]}]}<\/script>\n<!-- \/ Yoast SEO plugin. -->","yoast_head_json":{"title":"M.TH Lawyer - Litigation, criminal and labor law","description":"Emergency intervention in criminal, civil and labor law proceedings. Immediate defense before any court.","robots":{"index":"index","follow":"follow","max-snippet":"max-snippet:-1","max-image-preview":"max-image-preview:large","max-video-preview":"max-video-preview:-1"},"canonical":"https:\/\/mthavocat.com\/en\/urgence-penal-contentieux-audience\/","og_locale":"en_US","og_type":"article","og_title":"M.TH Avocat - Contentieux, p\u00e9nal et droit du travail","og_description":"Intervention d'urgence en proc\u00e9dure p\u00e9nale, civile et droit du travail. D\u00e9fense imm\u00e9diate devant toute juridiction.","og_url":"https:\/\/mthavocat.com\/en\/urgence-penal-contentieux-audience\/","og_site_name":"MTH Avocat","article_modified_time":"2025-08-31T19:21:45+00:00","og_image":[{"width":1921,"height":2560,"url":"https:\/\/mthavocat.com\/wp-content\/uploads\/2025\/07\/Photo-cabinet-1-scaled.jpg","type":"image\/jpeg"}],"twitter_card":"summary_large_image","twitter_misc":{"Est. reading time":"1 minute"},"schema":{"@context":"https:\/\/schema.org","@graph":[{"@type":"WebPage","@id":"https:\/\/mthavocat.com\/urgence-penal-contentieux-audience\/","url":"https:\/\/mthavocat.com\/urgence-penal-contentieux-audience\/","name":"M.TH Lawyer - Litigation, criminal and labor law","isPartOf":{"@id":"https:\/\/mthavocat.com\/#website"},"primaryImageOfPage":{"@id":"https:\/\/mthavocat.com\/urgence-penal-contentieux-audience\/#primaryimage"},"image":{"@id":"https:\/\/mthavocat.com\/urgence-penal-contentieux-audience\/#primaryimage"},"thumbnailUrl":"https:\/\/mthavocat.com\/wp-content\/uploads\/2025\/07\/Photo-cabinet-1-scaled.jpg","datePublished":"2025-08-10T13:52:11+00:00","dateModified":"2025-08-31T19:21:45+00:00","description":"Emergency intervention in criminal, civil and labor law proceedings. Immediate defense before any court.","breadcrumb":{"@id":"https:\/\/mthavocat.com\/urgence-penal-contentieux-audience\/#breadcrumb"},"inLanguage":"en-US","potentialAction":[{"@type":"ReadAction","target":["https:\/\/mthavocat.com\/urgence-penal-contentieux-audience\/"]}]},{"@type":"ImageObject","inLanguage":"en-US","@id":"https:\/\/mthavocat.com\/urgence-penal-contentieux-audience\/#primaryimage","url":"https:\/\/mthavocat.com\/wp-content\/uploads\/2025\/07\/Photo-cabinet-1-scaled.jpg","contentUrl":"https:\/\/mthavocat.com\/wp-content\/uploads\/2025\/07\/Photo-cabinet-1-scaled.jpg","width":1921,"height":2560,"caption":"Cabinet M.TH Avocat \u2013 Mbaye-Yacine Thiam, avocat \u00e0 Paris, sp\u00e9cialis\u00e9 en contentieux des affaires, droit p\u00e9nal et d\u00e9fense des lanceurs d\u2019alerte."},{"@type":"BreadcrumbList","@id":"https:\/\/mthavocat.com\/urgence-penal-contentieux-audience\/#breadcrumb","itemListElement":[{"@type":"ListItem","position":1,"name":"Accueil","item":"https:\/\/mthavocat.com\/"},{"@type":"ListItem","position":2,"name":"Urgence"}]},{"@type":"WebSite","@id":"https:\/\/mthavocat.com\/#website","url":"https:\/\/mthavocat.com\/","name":"MTH Lawyer","description":"Independent and ethically driven business law.","publisher":{"@id":"https:\/\/mthavocat.com\/#\/schema\/person\/d319a8c4dd1a55bf6a69bb291fb65927"},"potentialAction":[{"@type":"SearchAction","target":{"@type":"EntryPoint","urlTemplate":"https:\/\/mthavocat.com\/?s={search_term_string}"},"query-input":{"@type":"PropertyValueSpecification","valueRequired":true,"valueName":"search_term_string"}}],"inLanguage":"en-US"},{"@type":["Person","Organization"],"@id":"https:\/\/mthavocat.com\/#\/schema\/person\/d319a8c4dd1a55bf6a69bb291fb65927","name":"Mbaye-Yacine THIAM","image":{"@type":"ImageObject","inLanguage":"en-US","@id":"https:\/\/mthavocat.com\/#\/schema\/person\/image\/","url":"https:\/\/mthavocat.com\/wp-content\/uploads\/2025\/08\/cropped-M.TH-Avocat-1.png","contentUrl":"https:\/\/mthavocat.com\/wp-content\/uploads\/2025\/08\/cropped-M.TH-Avocat-1.png","width":512,"height":512,"caption":"Mbaye-Yacine THIAM"},"logo":{"@id":"https:\/\/mthavocat.com\/#\/schema\/person\/image\/"},"description":"Mbaye-Yacine THIAM is a member of the Paris Bar and specializes in business litigation, criminal law and labor law. He is particularly committed to the protection of whistle-blowers, whom he advises and assists in litigation. He founded M.TH Avocat, an independent business law firm serving French and international clients, including companies, executives and associations.","sameAs":["https:\/\/mthavocat.com","www.linkedin.com\/in\/mbaye-yacine-thiam-ab145988"]}]}},"_links":{"self":[{"href":"https:\/\/mthavocat.com\/en\/wp-json\/wp\/v2\/pages\/664","targetHints":{"allow":["GET"]}}],"collection":[{"href":"https:\/\/mthavocat.com\/en\/wp-json\/wp\/v2\/pages"}],"about":[{"href":"https:\/\/mthavocat.com\/en\/wp-json\/wp\/v2\/types\/page"}],"author":[{"embeddable":true,"href":"https:\/\/mthavocat.com\/en\/wp-json\/wp\/v2\/users\/1"}],"replies":[{"embeddable":true,"href":"https:\/\/mthavocat.com\/en\/wp-json\/wp\/v2\/comments?post=664"}],"version-history":[{"count":14,"href":"https:\/\/mthavocat.com\/en\/wp-json\/wp\/v2\/pages\/664\/revisions"}],"predecessor-version":[{"id":967,"href":"https:\/\/mthavocat.com\/en\/wp-json\/wp\/v2\/pages\/664\/revisions\/967"}],"wp:featuredmedia":[{"embeddable":true,"href":"https:\/\/mthavocat.com\/en\/wp-json\/wp\/v2\/media\/376"}],"wp:attachment":[{"href":"https:\/\/mthavocat.com\/en\/wp-json\/wp\/v2\/media?parent=664"}],"curies":[{"name":"wp","href":"https:\/\/api.w.org\/{rel}","templated":true}]}}