{"id":307,"date":"2025-07-26T22:54:23","date_gmt":"2025-07-26T22:54:23","guid":{"rendered":"https:\/\/mthavocat.com\/?page_id=307"},"modified":"2025-09-01T15:43:30","modified_gmt":"2025-09-01T15:43:30","slug":"su-abogado","status":"publish","type":"page","link":"https:\/\/mthavocat.com\/es\/su-abogado\/","title":{"rendered":"Sobre nosotros"},"content":{"rendered":"<p>[et_pb_section fb_built=\u00a0\u00bb1&Prime; admin_label=\u00a0\u00bbHeader\u00a0\u00bb _builder_version=\u00a0\u00bb4.27.0&Prime; _module_preset=\u00a0\u00bb518dddf2-c44e-43e1-9da2-bee5288eb63b\u00a0\u00bb custom_margin=\u00a0\u00bb||179px|||\u00a0\u00bb custom_padding=\u00a0\u00bb||48px|||\u00a0\u00bb collapsed=\u00a0\u00bbon\u00a0\u00bb global_colors_info=\u00a0\u00bb{}\u00a0\u00bb][et_pb_row column_structure=\u00a0\u00bb1_2,1_2&Prime; _builder_version=\u00a0\u00bb4.27.0&Prime; _module_preset=\u00a0\u00bbdefault\u00a0\u00bb custom_padding=\u00a0\u00bb||2px|||\u00a0\u00bb global_colors_info=\u00a0\u00bb{}\u00a0\u00bb][et_pb_column type=\u00a0\u00bb1_2&Prime; _builder_version=\u00a0\u00bb4.27.0&Prime; _module_preset=\u00a0\u00bbdefault\u00a0\u00bb][et_pb_heading title=\u00a0\u00bbA propos\u00a0\u00bb _builder_version=\u00a0\u00bb4.27.4&Prime; _module_preset=\u00a0\u00bb6cb7b146-b4d3-4962-a1a6-02b0008ca926&Prime; title_text_color=\u00a0\u00bbgcid-primary-color\u00a0\u00bb global_colors_info=\u00a0\u00bb{%22gcid-primary-color%22:%91%22title_text_color%22%93}\u00a0\u00bb][\/et_pb_heading][et_pb_heading title=\u00a0\u00bbMbaye-Yacine THIAM\u00a0\u00bb _builder_version=\u00a0\u00bb4.27.4&Prime; _module_preset=\u00a0\u00bb37e0a9f4-8121-4c16-85cc-b0ee3713bc85&Prime; custom_margin=\u00a0\u00bb||10px||false|false\u00a0\u00bb animation_style=\u00a0\u00bbslide\u00a0\u00bb animation_direction=\u00a0\u00bbleft\u00a0\u00bb animation_duration=\u00a0\u00bb1500ms\u00a0\u00bb animation_delay=\u00a0\u00bb200ms\u00a0\u00bb global_colors_info=\u00a0\u00bb{}\u00a0\u00bb][\/et_pb_heading][et_pb_text _builder_version=\u00a0\u00bb4.27.4&Prime; _module_preset=\u00a0\u00bb56958acb-afd7-40c9-80b7-ab3524afd406&Prime; animation_style=\u00a0\u00bbslide\u00a0\u00bb animation_direction=\u00a0\u00bbleft\u00a0\u00bb animation_duration=\u00a0\u00bb1700ms\u00a0\u00bb animation_delay=\u00a0\u00bb200ms\u00a0\u00bb global_colors_info=\u00a0\u00bb{}\u00a0\u00bb]<\/p>\n<p style=\"text-align: justify;\">Avocat au Barreau de Paris, Mbaye-Yacine THIAM exerce en <strong data-start=\"279\" data-end=\"307\">contentieux des affaires<\/strong>, en\u00a0<strong data-start=\"312\" data-end=\"327\">droit p\u00e9nal<\/strong>\u00a0et en\u00a0<strong data-start=\"334\" data-end=\"354\">droit du travail<\/strong>.<\/p>\n<p style=\"text-align: justify;\">Il s\u2019engage en particulier pour la protection des <strong data-start=\"493\" data-end=\"514\">lanceurs d\u2019alerte<\/strong>, qu\u2019il accompagne tant en conseil qu\u2019en contentieux.<\/p>\n<p style=\"text-align: justify;\">Avant de fonder M.TH Avocat, Mbaye-Yacine THIAM a acquis une solide exp\u00e9rience au sein de cabinets fran\u00e7ais et am\u00e9ricains de premier plan (Alerion, Orrick Rambaud Martel et Jones Day), intervenant sur des dossiers complexes et \u00e0 forts enjeux, en conseil comme en contentieux. Cette trajectoire lui a permis de forger une pratique exigeante et transversale.<\/p>\n<p data-start=\"909\" data-end=\"1251\" style=\"text-align: justify;\">Form\u00e9 \u00e0\u00a0<strong data-start=\"917\" data-end=\"938\">Sciences Po Paris<\/strong><span data-start=\"917\" data-end=\"938\">, <strong>Paris I Panth\u00e9on-Sorbonne<\/strong> et \u00e0 la <\/span><strong data-start=\"944\" data-end=\"967\">Columbia Law School<\/strong> (New York), Mbaye-Yacine THIAM travaille en\u00a0<strong data-start=\"1006\" data-end=\"1018\">fran\u00e7ais<\/strong>, en\u00a0<strong data-start=\"1023\" data-end=\"1034\">anglais<\/strong>\u00a0et en\u00a0<strong data-start=\"1041\" data-end=\"1053\">espagnol<\/strong>, aupr\u00e8s d\u2019une client\u00e8le fran\u00e7aise et internationale.<\/p>\n<p data-start=\"909\" data-end=\"1251\" style=\"text-align: justify;\">Mbaye-Yacine THIAM est \u00e9galement charg\u00e9 d&rsquo;enseignement \u00e0 Sciences Po Paris o\u00f9 il anime un cours d&rsquo;introduction au droit et un cours de droit constitutionnel compar\u00e9.<\/p>\n<p data-start=\"909\" data-end=\"1251\" style=\"text-align: justify;\">Son approche efficace et personnelle repose sur la <strong data-start=\"1157\" data-end=\"1189\" data-is-only-node=\"\">ma\u00eetrise du risque juridique<\/strong>\u00a0et une <strong data-start=\"1197\" data-end=\"1250\">d\u00e9fense sans compromis des droits et des libert\u00e9s<\/strong>.<\/p>\n<p>[\/et_pb_text][et_pb_button button_url=\u00a0\u00bbhttps:\/\/mthavocat.com\/expertises\/\u00a0\u00bb button_text=\u00a0\u00bbExpertises\u00a0\u00bb _builder_version=\u00a0\u00bb4.27.4&Prime; _module_preset=\u00a0\u00bbdefault\u00a0\u00bb animation_style=\u00a0\u00bbslide\u00a0\u00bb animation_duration=\u00a0\u00bb1700ms\u00a0\u00bb animation_delay=\u00a0\u00bb240ms\u00a0\u00bb global_colors_info=\u00a0\u00bb{}\u00a0\u00bb][\/et_pb_button][\/et_pb_column][et_pb_column type=\u00a0\u00bb1_2&Prime; _builder_version=\u00a0\u00bb4.27.0&Prime; _module_preset=\u00a0\u00bbdefault\u00a0\u00bb][et_pb_image src=\u00a0\u00bbhttps:\/\/mthavocat.com\/wp-content\/uploads\/2025\/07\/DSCF4626-1-scaled.jpg\u00a0\u00bb alt=\u00a0\u00bbAvocat au Barreau de Paris, Mbaye-Yacine THIAM exerce en contentieux des affaires, en droit p\u00e9nal et en droit du travail.\u00a0\u00bb title_text=\u00a0\u00bbDSCF4626&Prime; force_fullwidth=\u00a0\u00bbon\u00a0\u00bb src_tablet=\u00a0\u00bbhttps:\/\/mthavocat.com\/wp-content\/uploads\/2025\/07\/DSCF4626-1-scaled.jpg\u00a0\u00bb src_phone=\u00a0\u00bbhttps:\/\/mthavocat.com\/wp-content\/uploads\/2025\/07\/DSCF4626-1-scaled.jpg\u00a0\u00bb src_last_edited=\u00a0\u00bbon|phone\u00a0\u00bb _builder_version=\u00a0\u00bb4.27.4&Prime; _module_preset=\u00a0\u00bbdefault\u00a0\u00bb min_height=\u00a0\u00bb535px\u00a0\u00bb min_height_tablet=\u00a0\u00bb535px\u00a0\u00bb min_height_phone=\u00a0\u00bb100px\u00a0\u00bb min_height_last_edited=\u00a0\u00bbon|phone\u00a0\u00bb custom_margin=\u00a0\u00bb28px||-167px|||\u00a0\u00bb custom_padding=\u00a0\u00bb3px|||||\u00a0\u00bb animation_style=\u00a0\u00bbslide\u00a0\u00bb animation_direction=\u00a0\u00bbright\u00a0\u00bb animation_duration=\u00a0\u00bb1700ms\u00a0\u00bb animation_delay=\u00a0\u00bb200ms\u00a0\u00bb box_shadow_style=\u00a0\u00bbpreset2&Prime; global_colors_info=\u00a0\u00bb{}\u00a0\u00bb][\/et_pb_image][\/et_pb_column][\/et_pb_row][\/et_pb_section][et_pb_section fb_built=\u00a0\u00bb1&Prime; admin_label=\u00a0\u00bbFeatures\u00a0\u00bb _builder_version=\u00a0\u00bb4.27.0&Prime; _module_preset=\u00a0\u00bbdefault\u00a0\u00bb custom_margin=\u00a0\u00bb83px|||||\u00a0\u00bb custom_padding=\u00a0\u00bb8px||54px|||\u00a0\u00bb collapsed=\u00a0\u00bbon\u00a0\u00bb global_colors_info=\u00a0\u00bb{}\u00a0\u00bb][et_pb_row column_structure=\u00a0\u00bb1_3,1_3,1_3&Prime; _builder_version=\u00a0\u00bb4.27.0&Prime; _module_preset=\u00a0\u00bbdefault\u00a0\u00bb min_height=\u00a0\u00bb513.3px\u00a0\u00bb custom_margin=\u00a0\u00bb-83px|auto||auto||\u00a0\u00bb global_colors_info=\u00a0\u00bb{}\u00a0\u00bb][et_pb_column type=\u00a0\u00bb1_3&Prime; _builder_version=\u00a0\u00bb4.27.0&Prime; _module_preset=\u00a0\u00bbdefault\u00a0\u00bb][et_pb_image src=\u00a0\u00bbhttps:\/\/mthavocat.com\/wp-content\/uploads\/2025\/08\/dzly9wvncc.jpg\u00a0\u00bb alt=\u00a0\u00bbhumanit\u00e9\u00a0\u00bb align=\u00a0\u00bbcenter\u00a0\u00bb src_tablet=\u00a0\u00bbhttps:\/\/mthavocat.com\/wp-content\/uploads\/2025\/08\/dzly9wvncc.jpg\u00a0\u00bb src_phone=\u00a0\u00bbhttps:\/\/mthavocat.com\/wp-content\/uploads\/2025\/08\/dzly9wvncc.jpg\u00a0\u00bb src_last_edited=\u00a0\u00bbon|phone\u00a0\u00bb disabled_on=\u00a0\u00bbon|on|off\u00a0\u00bb _builder_version=\u00a0\u00bb4.27.4&Prime; _module_preset=\u00a0\u00bbdefault\u00a0\u00bb animation_style=\u00a0\u00bbslide\u00a0\u00bb animation_direction=\u00a0\u00bbleft\u00a0\u00bb animation_duration=\u00a0\u00bb1500ms\u00a0\u00bb animation_delay=\u00a0\u00bb260ms\u00a0\u00bb box_shadow_style=\u00a0\u00bbpreset2&Prime; global_colors_info=\u00a0\u00bb{}\u00a0\u00bb][\/et_pb_image][et_pb_heading title=\u00a0\u00bbHumanit\u00e9\u00a0\u00bb _builder_version=\u00a0\u00bb4.27.4&Prime; _module_preset=\u00a0\u00bb782b1433-c932-4e59-ac48-d0ce384e9e73&Prime; title_text_align=\u00a0\u00bbcenter\u00a0\u00bb custom_margin=\u00a0\u00bb||10px||false|false\u00a0\u00bb animation_style=\u00a0\u00bbslide\u00a0\u00bb animation_direction=\u00a0\u00bbleft\u00a0\u00bb animation_duration=\u00a0\u00bb1500ms\u00a0\u00bb animation_delay=\u00a0\u00bb270ms\u00a0\u00bb global_colors_info=\u00a0\u00bb{}\u00a0\u00bb][\/et_pb_heading][et_pb_text _builder_version=\u00a0\u00bb4.27.4&Prime; _module_preset=\u00a0\u00bbdefault\u00a0\u00bb text_orientation=\u00a0\u00bbcenter\u00a0\u00bb animation_style=\u00a0\u00bbslide\u00a0\u00bb animation_direction=\u00a0\u00bbleft\u00a0\u00bb animation_duration=\u00a0\u00bb1500ms\u00a0\u00bb animation_delay=\u00a0\u00bb280ms\u00a0\u00bb global_colors_info=\u00a0\u00bb{}\u00a0\u00bb]<\/p>\n<p>Parce que chaque affaire engage une personne, le cabinet prend en charge attentivement les situations sensibles en pensant avant tout la relation client comme un engagement de confiance et de consid\u00e9ration.<\/p>\n<p>[\/et_pb_text][\/et_pb_column][et_pb_column type=\u00a0\u00bb1_3&Prime; _builder_version=\u00a0\u00bb4.27.0&Prime; _module_preset=\u00a0\u00bbdefault\u00a0\u00bb][et_pb_image src=\u00a0\u00bbhttps:\/\/mthavocat.com\/wp-content\/uploads\/2025\/07\/scott-graham-5fNmWej4tAA-unsplash-scaled.jpg\u00a0\u00bb alt=\u00a0\u00bbsur-mesure\u00a0\u00bb title_text=\u00a0\u00bbsur-mesure\u00a0\u00bb align=\u00a0\u00bbcenter\u00a0\u00bb disabled_on=\u00a0\u00bbon|on|off\u00a0\u00bb _builder_version=\u00a0\u00bb4.27.4&Prime; _module_preset=\u00a0\u00bbdefault\u00a0\u00bb animation_style=\u00a0\u00bbslide\u00a0\u00bb animation_direction=\u00a0\u00bbbottom\u00a0\u00bb animation_duration=\u00a0\u00bb1500ms\u00a0\u00bb animation_delay=\u00a0\u00bb260ms\u00a0\u00bb box_shadow_style=\u00a0\u00bbpreset2&Prime; global_colors_info=\u00a0\u00bb{}\u00a0\u00bb][\/et_pb_image][et_pb_heading title=\u00a0\u00bbSur-mesure\u00a0\u00bb _builder_version=\u00a0\u00bb4.27.4&Prime; _module_preset=\u00a0\u00bb782b1433-c932-4e59-ac48-d0ce384e9e73&Prime; title_text_align=\u00a0\u00bbcenter\u00a0\u00bb custom_margin=\u00a0\u00bb||10px||false|false\u00a0\u00bb animation_style=\u00a0\u00bbslide\u00a0\u00bb animation_direction=\u00a0\u00bbbottom\u00a0\u00bb animation_duration=\u00a0\u00bb1500ms\u00a0\u00bb animation_delay=\u00a0\u00bb270ms\u00a0\u00bb global_colors_info=\u00a0\u00bb{}\u00a0\u00bb][\/et_pb_heading][et_pb_text _builder_version=\u00a0\u00bb4.27.4&Prime; _module_preset=\u00a0\u00bbdefault\u00a0\u00bb text_orientation=\u00a0\u00bbcenter\u00a0\u00bb animation_style=\u00a0\u00bbslide\u00a0\u00bb animation_direction=\u00a0\u00bbbottom\u00a0\u00bb animation_duration=\u00a0\u00bb1500ms\u00a0\u00bb animation_delay=\u00a0\u00bb280ms\u00a0\u00bb global_colors_info=\u00a0\u00bb{}\u00a0\u00bb]<\/p>\n<p>Chaque situation est unique. Le cabinet \u00e9labore des strat\u00e9gies juridiques adapt\u00e9es \u00e0 vos objectifs, \u00e0 vos contraintes et \u00e0 la r\u00e9alit\u00e9 concr\u00e8te de votre affaire. Rien de standard, tout est pens\u00e9 pour vous.<\/p>\n<p>[\/et_pb_text][\/et_pb_column][et_pb_column type=\u00a0\u00bb1_3&Prime; _builder_version=\u00a0\u00bb4.27.0&Prime; _module_preset=\u00a0\u00bbdefault\u00a0\u00bb][et_pb_image src=\u00a0\u00bbhttps:\/\/mthavocat.com\/wp-content\/uploads\/2025\/07\/fast-glass-fx-Y1q5zi1FPDc-unsplash-scaled.jpg\u00a0\u00bb alt=\u00a0\u00bbtransparence\u00a0\u00bb title_text=\u00a0\u00bbtransparence\u00a0\u00bb align=\u00a0\u00bbcenter\u00a0\u00bb disabled_on=\u00a0\u00bbon|on|off\u00a0\u00bb _builder_version=\u00a0\u00bb4.27.4&Prime; _module_preset=\u00a0\u00bbdefault\u00a0\u00bb animation_style=\u00a0\u00bbslide\u00a0\u00bb animation_direction=\u00a0\u00bbright\u00a0\u00bb animation_duration=\u00a0\u00bb1500ms\u00a0\u00bb animation_delay=\u00a0\u00bb260ms\u00a0\u00bb box_shadow_style=\u00a0\u00bbpreset2&Prime; global_colors_info=\u00a0\u00bb{}\u00a0\u00bb][\/et_pb_image][et_pb_heading title=\u00a0\u00bbTransparence\u00a0\u00bb _builder_version=\u00a0\u00bb4.27.4&Prime; _module_preset=\u00a0\u00bb782b1433-c932-4e59-ac48-d0ce384e9e73&Prime; title_text_align=\u00a0\u00bbcenter\u00a0\u00bb custom_margin=\u00a0\u00bb||10px||false|false\u00a0\u00bb animation_style=\u00a0\u00bbslide\u00a0\u00bb animation_direction=\u00a0\u00bbright\u00a0\u00bb animation_duration=\u00a0\u00bb1500ms\u00a0\u00bb animation_delay=\u00a0\u00bb270ms\u00a0\u00bb global_colors_info=\u00a0\u00bb{}\u00a0\u00bb][\/et_pb_heading][et_pb_text _builder_version=\u00a0\u00bb4.27.4&Prime; _module_preset=\u00a0\u00bbdefault\u00a0\u00bb text_orientation=\u00a0\u00bbcenter\u00a0\u00bb animation_style=\u00a0\u00bbslide\u00a0\u00bb animation_direction=\u00a0\u00bbright\u00a0\u00bb animation_duration=\u00a0\u00bb1500ms\u00a0\u00bb animation_delay=\u00a0\u00bb280ms\u00a0\u00bb global_colors_info=\u00a0\u00bb{}\u00a0\u00bb]<\/p>\n<p data-start=\"794\" data-end=\"964\">Des honoraires clairs, d\u00e9finis en amont, pour permettre une \u00e9valuation \u00e9clair\u00e9e des actions \u00e0 entreprendre et une ma\u00eetrise constante des co\u00fbts tout au long de la mission.<\/p>\n<p>[\/et_pb_text][\/et_pb_column][\/et_pb_row][\/et_pb_section][et_pb_section fb_built=\u00a0\u00bb1&Prime; fullwidth=\u00a0\u00bbon\u00a0\u00bb disabled_on=\u00a0\u00bbon|off|off\u00a0\u00bb _builder_version=\u00a0\u00bb4.27.4&Prime; _module_preset=\u00a0\u00bbdefault\u00a0\u00bb background_image=\u00a0\u00bbhttps:\/\/mthavocat.com\/wp-content\/uploads\/2025\/07\/john-lee-P04HX9SpTfU-unsplash-scaled.jpg\u00a0\u00bb parallax=\u00a0\u00bbon\u00a0\u00bb parallax_method=\u00a0\u00bboff\u00a0\u00bb min_height=\u00a0\u00bb105.2px\u00a0\u00bb custom_padding=\u00a0\u00bb||81px|||\u00a0\u00bb global_colors_info=\u00a0\u00bb{}\u00a0\u00bb][\/et_pb_section]<\/p>\n","protected":false},"excerpt":{"rendered":"<p>Avocat au Barreau de Paris, Mbaye-Yacine THIAM exerce en contentieux des affaires, en\u00a0droit p\u00e9nal\u00a0et en\u00a0droit du travail. Il s\u2019engage en particulier pour la protection des lanceurs d\u2019alerte, qu\u2019il accompagne tant en conseil qu\u2019en contentieux. Avant de fonder M.TH Avocat, Mbaye-Yacine THIAM a acquis une solide exp\u00e9rience au sein de cabinets fran\u00e7ais et am\u00e9ricains de premier [&hellip;]<\/p>\n","protected":false},"author":1,"featured_media":376,"parent":0,"menu_order":0,"comment_status":"closed","ping_status":"closed","template":"","meta":{"_et_pb_use_builder":"on","_et_pb_old_content":"","_et_gb_content_width":"","footnotes":""},"class_list":["post-307","page","type-page","status-publish","has-post-thumbnail","hentry"],"yoast_head":"<!-- This site is optimized with the Yoast SEO plugin v26.6 - https:\/\/yoast.com\/wordpress\/plugins\/seo\/ -->\n<title>M.TH Avocat - Contentieux, droit p\u00e9nal des affaires, droit du travail<\/title>\n<meta name=\"description\" content=\"Avocat au Barreau de Paris, Mbaye-Yacine THIAM exerce en contentieux des affaires, en droit p\u00e9nal et en droit du travail.\" \/>\n<meta name=\"robots\" content=\"index, follow, max-snippet:-1, max-image-preview:large, max-video-preview:-1\" \/>\n<link rel=\"canonical\" href=\"https:\/\/mthavocat.com\/es\/su-abogado\/\" \/>\n<meta property=\"og:locale\" content=\"es_ES\" \/>\n<meta property=\"og:type\" content=\"article\" \/>\n<meta property=\"og:title\" content=\"M.TH Avocat - Contentieux, droit p\u00e9nal des affaires, droit du travail\" \/>\n<meta property=\"og:description\" content=\"Avocat au Barreau de Paris, Mbaye-Yacine THIAM exerce en contentieux des affaires, en droit p\u00e9nal et en droit du travail.\" \/>\n<meta property=\"og:url\" content=\"https:\/\/mthavocat.com\/es\/su-abogado\/\" \/>\n<meta property=\"og:site_name\" content=\"MTH Avocat\" \/>\n<meta property=\"article:modified_time\" content=\"2025-09-01T15:43:30+00:00\" \/>\n<meta property=\"og:image\" content=\"https:\/\/mthavocat.com\/wp-content\/uploads\/2025\/07\/Photo-cabinet-1-scaled.jpg\" \/>\n\t<meta property=\"og:image:width\" content=\"1921\" \/>\n\t<meta property=\"og:image:height\" content=\"2560\" \/>\n\t<meta property=\"og:image:type\" content=\"image\/jpeg\" \/>\n<meta name=\"twitter:card\" content=\"summary_large_image\" \/>\n<meta name=\"twitter:label1\" content=\"Tiempo de lectura\" \/>\n\t<meta name=\"twitter:data1\" content=\"3 minutos\" \/>\n<script type=\"application\/ld+json\" class=\"yoast-schema-graph\">{\"@context\":\"https:\/\/schema.org\",\"@graph\":[{\"@type\":\"WebPage\",\"@id\":\"https:\/\/mthavocat.com\/votreavocat\/\",\"url\":\"https:\/\/mthavocat.com\/votreavocat\/\",\"name\":\"M.TH Avocat - Contentieux, droit p\u00e9nal des affaires, droit du travail\",\"isPartOf\":{\"@id\":\"https:\/\/mthavocat.com\/#website\"},\"primaryImageOfPage\":{\"@id\":\"https:\/\/mthavocat.com\/votreavocat\/#primaryimage\"},\"image\":{\"@id\":\"https:\/\/mthavocat.com\/votreavocat\/#primaryimage\"},\"thumbnailUrl\":\"https:\/\/mthavocat.com\/wp-content\/uploads\/2025\/07\/Photo-cabinet-1-scaled.jpg\",\"datePublished\":\"2025-07-26T22:54:23+00:00\",\"dateModified\":\"2025-09-01T15:43:30+00:00\",\"description\":\"Avocat au Barreau de Paris, Mbaye-Yacine THIAM exerce en contentieux des affaires, en droit p\u00e9nal et en droit du travail.\",\"breadcrumb\":{\"@id\":\"https:\/\/mthavocat.com\/votreavocat\/#breadcrumb\"},\"inLanguage\":\"es\",\"potentialAction\":[{\"@type\":\"ReadAction\",\"target\":[\"https:\/\/mthavocat.com\/votreavocat\/\"]}]},{\"@type\":\"ImageObject\",\"inLanguage\":\"es\",\"@id\":\"https:\/\/mthavocat.com\/votreavocat\/#primaryimage\",\"url\":\"https:\/\/mthavocat.com\/wp-content\/uploads\/2025\/07\/Photo-cabinet-1-scaled.jpg\",\"contentUrl\":\"https:\/\/mthavocat.com\/wp-content\/uploads\/2025\/07\/Photo-cabinet-1-scaled.jpg\",\"width\":1921,\"height\":2560,\"caption\":\"Cabinet M.TH Avocat \u2013 Mbaye-Yacine Thiam, avocat \u00e0 Paris, sp\u00e9cialis\u00e9 en contentieux des affaires, droit p\u00e9nal et d\u00e9fense des lanceurs d\u2019alerte.\"},{\"@type\":\"BreadcrumbList\",\"@id\":\"https:\/\/mthavocat.com\/votreavocat\/#breadcrumb\",\"itemListElement\":[{\"@type\":\"ListItem\",\"position\":1,\"name\":\"Accueil\",\"item\":\"https:\/\/mthavocat.com\/\"},{\"@type\":\"ListItem\",\"position\":2,\"name\":\"A propos\"}]},{\"@type\":\"WebSite\",\"@id\":\"https:\/\/mthavocat.com\/#website\",\"url\":\"https:\/\/mthavocat.com\/\",\"name\":\"MTH Avocat\",\"description\":\"Le droit des affaires ind\u00e9pendant et engag\u00e9.\",\"publisher\":{\"@id\":\"https:\/\/mthavocat.com\/#\/schema\/person\/d319a8c4dd1a55bf6a69bb291fb65927\"},\"potentialAction\":[{\"@type\":\"SearchAction\",\"target\":{\"@type\":\"EntryPoint\",\"urlTemplate\":\"https:\/\/mthavocat.com\/?s={search_term_string}\"},\"query-input\":{\"@type\":\"PropertyValueSpecification\",\"valueRequired\":true,\"valueName\":\"search_term_string\"}}],\"inLanguage\":\"es\"},{\"@type\":[\"Person\",\"Organization\"],\"@id\":\"https:\/\/mthavocat.com\/#\/schema\/person\/d319a8c4dd1a55bf6a69bb291fb65927\",\"name\":\"Mbaye-Yacine THIAM\",\"image\":{\"@type\":\"ImageObject\",\"inLanguage\":\"es\",\"@id\":\"https:\/\/mthavocat.com\/#\/schema\/person\/image\/\",\"url\":\"https:\/\/mthavocat.com\/wp-content\/uploads\/2025\/08\/cropped-M.TH-Avocat-1.png\",\"contentUrl\":\"https:\/\/mthavocat.com\/wp-content\/uploads\/2025\/08\/cropped-M.TH-Avocat-1.png\",\"width\":512,\"height\":512,\"caption\":\"Mbaye-Yacine THIAM\"},\"logo\":{\"@id\":\"https:\/\/mthavocat.com\/#\/schema\/person\/image\/\"},\"description\":\"Avocat au Barreau de Paris, Mbaye-Yacine THIAM exerce en contentieux des affaires, en droit p\u00e9nal et en droit du travail. Il s\u2019engage en particulier pour la protection des lanceurs d\u2019alerte, qu\u2019il accompagne tant en conseil qu\u2019en contentieux. Il a fond\u00e9 M.TH Avocat, cabinet d\u2019affaires ind\u00e9pendant qui intervient aupr\u00e8s d\u2019une client\u00e8le fran\u00e7aise et internationale compos\u00e9e d\u2019entreprises, de dirigeants et d\u2019associations.\",\"sameAs\":[\"https:\/\/mthavocat.com\",\"www.linkedin.com\/in\/mbaye-yacine-thiam-ab145988\"]}]}<\/script>\n<!-- \/ Yoast SEO plugin. -->","yoast_head_json":{"title":"M.TH Avocat - Contencioso, derecho penal econ\u00f3mico, derecho laboral","description":"Mbaye-Yacine THIAM es miembro del Colegio de Abogados de Par\u00eds y est\u00e1 especializada en litigios empresariales, derecho penal y derecho laboral.","robots":{"index":"index","follow":"follow","max-snippet":"max-snippet:-1","max-image-preview":"max-image-preview:large","max-video-preview":"max-video-preview:-1"},"canonical":"https:\/\/mthavocat.com\/es\/su-abogado\/","og_locale":"es_ES","og_type":"article","og_title":"M.TH Avocat - Contentieux, droit p\u00e9nal des affaires, droit du travail","og_description":"Avocat au Barreau de Paris, Mbaye-Yacine THIAM exerce en contentieux des affaires, en droit p\u00e9nal et en droit du travail.","og_url":"https:\/\/mthavocat.com\/es\/su-abogado\/","og_site_name":"MTH Avocat","article_modified_time":"2025-09-01T15:43:30+00:00","og_image":[{"width":1921,"height":2560,"url":"https:\/\/mthavocat.com\/wp-content\/uploads\/2025\/07\/Photo-cabinet-1-scaled.jpg","type":"image\/jpeg"}],"twitter_card":"summary_large_image","twitter_misc":{"Tiempo de lectura":"3 minutos"},"schema":{"@context":"https:\/\/schema.org","@graph":[{"@type":"WebPage","@id":"https:\/\/mthavocat.com\/votreavocat\/","url":"https:\/\/mthavocat.com\/votreavocat\/","name":"M.TH Avocat - Contencioso, derecho penal econ\u00f3mico, derecho laboral","isPartOf":{"@id":"https:\/\/mthavocat.com\/#website"},"primaryImageOfPage":{"@id":"https:\/\/mthavocat.com\/votreavocat\/#primaryimage"},"image":{"@id":"https:\/\/mthavocat.com\/votreavocat\/#primaryimage"},"thumbnailUrl":"https:\/\/mthavocat.com\/wp-content\/uploads\/2025\/07\/Photo-cabinet-1-scaled.jpg","datePublished":"2025-07-26T22:54:23+00:00","dateModified":"2025-09-01T15:43:30+00:00","description":"Mbaye-Yacine THIAM es miembro del Colegio de Abogados de Par\u00eds y est\u00e1 especializada en litigios empresariales, derecho penal y derecho laboral.","breadcrumb":{"@id":"https:\/\/mthavocat.com\/votreavocat\/#breadcrumb"},"inLanguage":"es","potentialAction":[{"@type":"ReadAction","target":["https:\/\/mthavocat.com\/votreavocat\/"]}]},{"@type":"ImageObject","inLanguage":"es","@id":"https:\/\/mthavocat.com\/votreavocat\/#primaryimage","url":"https:\/\/mthavocat.com\/wp-content\/uploads\/2025\/07\/Photo-cabinet-1-scaled.jpg","contentUrl":"https:\/\/mthavocat.com\/wp-content\/uploads\/2025\/07\/Photo-cabinet-1-scaled.jpg","width":1921,"height":2560,"caption":"Cabinet M.TH Avocat \u2013 Mbaye-Yacine Thiam, avocat \u00e0 Paris, sp\u00e9cialis\u00e9 en contentieux des affaires, droit p\u00e9nal et d\u00e9fense des lanceurs d\u2019alerte."},{"@type":"BreadcrumbList","@id":"https:\/\/mthavocat.com\/votreavocat\/#breadcrumb","itemListElement":[{"@type":"ListItem","position":1,"name":"Accueil","item":"https:\/\/mthavocat.com\/"},{"@type":"ListItem","position":2,"name":"A propos"}]},{"@type":"WebSite","@id":"https:\/\/mthavocat.com\/#website","url":"https:\/\/mthavocat.com\/","name":"Abogado MTH","description":"El derecho mercantil independiente y comprometido.","publisher":{"@id":"https:\/\/mthavocat.com\/#\/schema\/person\/d319a8c4dd1a55bf6a69bb291fb65927"},"potentialAction":[{"@type":"SearchAction","target":{"@type":"EntryPoint","urlTemplate":"https:\/\/mthavocat.com\/?s={search_term_string}"},"query-input":{"@type":"PropertyValueSpecification","valueRequired":true,"valueName":"search_term_string"}}],"inLanguage":"es"},{"@type":["Person","Organization"],"@id":"https:\/\/mthavocat.com\/#\/schema\/person\/d319a8c4dd1a55bf6a69bb291fb65927","name":"Mbaye-Yacine THIAM","image":{"@type":"ImageObject","inLanguage":"es","@id":"https:\/\/mthavocat.com\/#\/schema\/person\/image\/","url":"https:\/\/mthavocat.com\/wp-content\/uploads\/2025\/08\/cropped-M.TH-Avocat-1.png","contentUrl":"https:\/\/mthavocat.com\/wp-content\/uploads\/2025\/08\/cropped-M.TH-Avocat-1.png","width":512,"height":512,"caption":"Mbaye-Yacine THIAM"},"logo":{"@id":"https:\/\/mthavocat.com\/#\/schema\/person\/image\/"},"description":"Mbaye-Yacine Thiam es miembro del Colegio de Abogados de Par\u00eds y est\u00e1 especializado en litigios empresariales, derecho penal y derecho laboral. Est\u00e1 especialmente comprometido con la protecci\u00f3n de los denunciantes, a los que asesora y asiste en litigios. Fund\u00f3 M.TH Avocat, un bufete independiente de derecho mercantil que asesora a clientes franceses e internacionales, incluidas empresas, directivos y asociaciones.","sameAs":["https:\/\/mthavocat.com","www.linkedin.com\/in\/mbaye-yacine-thiam-ab145988"]}]}},"_links":{"self":[{"href":"https:\/\/mthavocat.com\/es\/wp-json\/wp\/v2\/pages\/307","targetHints":{"allow":["GET"]}}],"collection":[{"href":"https:\/\/mthavocat.com\/es\/wp-json\/wp\/v2\/pages"}],"about":[{"href":"https:\/\/mthavocat.com\/es\/wp-json\/wp\/v2\/types\/page"}],"author":[{"embeddable":true,"href":"https:\/\/mthavocat.com\/es\/wp-json\/wp\/v2\/users\/1"}],"replies":[{"embeddable":true,"href":"https:\/\/mthavocat.com\/es\/wp-json\/wp\/v2\/comments?post=307"}],"version-history":[{"count":32,"href":"https:\/\/mthavocat.com\/es\/wp-json\/wp\/v2\/pages\/307\/revisions"}],"predecessor-version":[{"id":986,"href":"https:\/\/mthavocat.com\/es\/wp-json\/wp\/v2\/pages\/307\/revisions\/986"}],"wp:featuredmedia":[{"embeddable":true,"href":"https:\/\/mthavocat.com\/es\/wp-json\/wp\/v2\/media\/376"}],"wp:attachment":[{"href":"https:\/\/mthavocat.com\/es\/wp-json\/wp\/v2\/media?parent=307"}],"curies":[{"name":"wp","href":"https:\/\/api.w.org\/{rel}","templated":true}]}}