{"id":642,"date":"2025-08-01T22:50:04","date_gmt":"2025-08-01T22:50:04","guid":{"rendered":"https:\/\/mthavocat.com\/?page_id=642"},"modified":"2025-09-09T07:18:45","modified_gmt":"2025-09-09T07:18:45","slug":"politica-de-privacidad","status":"publish","type":"page","link":"https:\/\/mthavocat.com\/es\/politica-de-privacidad\/","title":{"rendered":"Pol\u00edtica de privacidad"},"content":{"rendered":"<p>[et_pb_section fb_built=\u00a0\u00bb1&Prime; admin_label=\u00a0\u00bbHero Section\u00a0\u00bb _builder_version=\u00a0\u00bb4.16&Prime; custom_padding=\u00a0\u00bb0|0px|0px|0px\u00a0\u00bb global_colors_info=\u00a0\u00bb{}\u00a0\u00bb][et_pb_row use_custom_gutter=\u00a0\u00bbon\u00a0\u00bb make_equal=\u00a0\u00bbon\u00a0\u00bb _builder_version=\u00a0\u00bb4.16&Prime; width=\u00a0\u00bb100%\u00a0\u00bb max_width=\u00a0\u00bb100%\u00a0\u00bb custom_margin=\u00a0\u00bb-100px|auto||auto||\u00a0\u00bb custom_padding=\u00a0\u00bb1px|0|60px|||\u00a0\u00bb use_custom_width=\u00a0\u00bbon\u00a0\u00bb width_unit=\u00a0\u00bboff\u00a0\u00bb custom_width_percent=\u00a0\u00bb100%\u00a0\u00bb global_colors_info=\u00a0\u00bb{}\u00a0\u00bb][et_pb_column type=\u00a0\u00bb4_4&Prime; _builder_version=\u00a0\u00bb4.16&Prime; custom_padding=\u00a0\u00bb200px|4%|200px|8%\u00a0\u00bb custom_padding_tablet=\u00a0\u00bb60px|10%|60px|10%\u00a0\u00bb custom_padding_phone=\u00a0\u00bb60px|10%|60px|10%\u00a0\u00bb custom_padding_last_edited=\u00a0\u00bbon|tablet\u00a0\u00bb padding_tablet=\u00a0\u00bb60px|10%|60px|10%\u00a0\u00bb padding_last_edited=\u00a0\u00bbon|tablet\u00a0\u00bb custom_padding__hover=\u00a0\u00bb|||\u00a0\u00bb padding_phone=\u00a0\u00bb60px|10%|60px|10%\u00a0\u00bb][et_pb_text _builder_version=\u00a0\u00bb4.27.4&Prime; _module_preset=\u00a0\u00bbdefault\u00a0\u00bb width=\u00a0\u00bb85.7%\u00a0\u00bb custom_margin=\u00a0\u00bb-2px|-39px|26px|||\u00a0\u00bb custom_padding=\u00a0\u00bb1px|22px||0px||\u00a0\u00bb global_colors_info=\u00a0\u00bb{}\u00a0\u00bb]<\/p>\n<h2 data-start=\"188\" data-end=\"224\">Politique de confidentialit\u00e9<\/h2>\n<p data-start=\"225\" data-end=\"240\"><strong data-start=\"225\" data-end=\"240\">M.TH Avocat<\/strong><\/p>\n<hr data-start=\"242\" data-end=\"245\" \/>\n<p data-start=\"247\" data-end=\"598\">Dans le cadre de ses activit\u00e9s, <strong data-start=\"279\" data-end=\"294\">M.TH Avocat<\/strong> collecte et traite les donn\u00e9es personnelles de ses clients, partenaires et visiteurs du site.<\/p>\n<p data-start=\"247\" data-end=\"598\">M.TH Avocat est le seul destinataire des informations personnelles transmises via le Site. Ces donn\u00e9es ne sont en aucun cas c\u00e9d\u00e9es \u00e0 des tiers \u00e0 des fins commerciales.<\/p>\n<p data-start=\"600\" data-end=\"840\">La pr\u00e9sente politique a pour objet de vous informer des modalit\u00e9s de traitement de vos donn\u00e9es personnelles, conform\u00e9ment \u00e0 la loi du 6 janvier 1978 modifi\u00e9e et au <strong data-start=\"764\" data-end=\"822\">R\u00e8glement g\u00e9n\u00e9ral sur la protection des donn\u00e9es (RGPD)<\/strong> du 27 avril 2016.<\/p>\n<hr data-start=\"842\" data-end=\"845\" \/>\n<h3 data-start=\"847\" data-end=\"876\">Responsable du traitement<\/h3>\n<p data-start=\"878\" data-end=\"1092\">Le responsable du traitement est :<br data-start=\"912\" data-end=\"915\" \/><strong data-start=\"915\" data-end=\"958\">M.TH Avocat \u2013 Ma\u00eetre Mbaye-Yacine Thiam<\/strong><br data-start=\"958\" data-end=\"961\" \/>4, rue Turgot &#8211; 75009 Paris<br data-start=\"986\" data-end=\"989\" \/>T\u00e9l\u00e9phone : +33 7 50 95 71 57<br data-start=\"1018\" data-end=\"1021\" \/>Email : contact@mthavocat.com<br data-start=\"1061\" data-end=\"1064\" \/>Num\u00e9ro SIRET : 891 524 654 00029<\/p>\n<hr data-start=\"1094\" data-end=\"1097\" \/>\n<h3 data-start=\"1099\" data-end=\"1135\">Cat\u00e9gories de donn\u00e9es collect\u00e9es<\/h3>\n<p data-start=\"1137\" data-end=\"1307\">Dans le cadre de l\u2019ex\u00e9cution de ses services ou lors de l\u2019utilisation du formulaire de contact du site, M.TH Avocat est susceptible de collecter et de traiter notamment :<\/p>\n<ul data-start=\"1309\" data-end=\"1716\">\n<li data-start=\"1309\" data-end=\"1384\">\n<p data-start=\"1311\" data-end=\"1384\">Vos coordonn\u00e9es (nom, pr\u00e9nom, adresse email, num\u00e9ro de t\u00e9l\u00e9phone, etc.)<\/p>\n<\/li>\n<li data-start=\"1385\" data-end=\"1455\">\n<p data-start=\"1387\" data-end=\"1455\">Des informations relatives \u00e0 votre profession ou \u00e0 votre situation<\/p>\n<\/li>\n<li data-start=\"1456\" data-end=\"1557\">\n<p data-start=\"1458\" data-end=\"1557\">Des informations n\u00e9cessaires \u00e0 la gestion des dossiers (facturation, pi\u00e8ces justificatives, etc.)<\/p>\n<\/li>\n<li data-start=\"1558\" data-end=\"1716\">\n<p data-start=\"1560\" data-end=\"1716\">\u00c9ventuellement, des donn\u00e9es sensibles (\u00e9tat de sant\u00e9, condamnations, infractions) lorsque cela est n\u00e9cessaire \u00e0 l\u2019ex\u00e9cution des missions confi\u00e9es au cabinet<\/p>\n<\/li>\n<\/ul>\n<p data-start=\"1718\" data-end=\"1840\">Vous pouvez \u00e0 tout moment nous informer d\u2019un changement ou d\u2019une mise \u00e0 jour de vos donn\u00e9es via les coordonn\u00e9es ci-dessus.<\/p>\n<hr data-start=\"1842\" data-end=\"1845\" \/>\n<h3 data-start=\"1847\" data-end=\"1891\">Finalit\u00e9s et bases l\u00e9gales du traitement<\/h3>\n<p data-start=\"1893\" data-end=\"1970\">Les donn\u00e9es personnelles sont trait\u00e9es pour r\u00e9pondre aux objectifs suivants :<\/p>\n<ul data-start=\"1972\" data-end=\"2633\">\n<li data-start=\"1972\" data-end=\"2200\">\n<p data-start=\"1974\" data-end=\"2200\"><strong data-start=\"1974\" data-end=\"2007\">Gestion de la relation client<\/strong> : traitement des demandes, constitution et suivi des dossiers, r\u00e9daction d\u2019actes, d\u00e9fense et conseil, facturation.<\/p>\n<\/li>\n<li data-start=\"2202\" data-end=\"2446\">\n<p data-start=\"2204\" data-end=\"2446\"><strong data-start=\"2204\" data-end=\"2268\">Traitement de donn\u00e9es sensibles ou relatives aux infractions<\/strong> : dans le strict cadre de l\u2019assistance juridique, du conseil ou de la repr\u00e9sentation judiciaire<\/p>\n<\/li>\n<li data-start=\"2448\" data-end=\"2633\">\n<p data-start=\"2450\" data-end=\"2633\"><strong data-start=\"2450\" data-end=\"2503\">Respect des obligations l\u00e9gales et r\u00e9glementaires<\/strong> : gestion des droits des personnes, obligations comptables et d\u00e9ontologiques<\/p>\n<\/li>\n<\/ul>\n<hr data-start=\"2635\" data-end=\"2638\" \/>\n<h3 data-start=\"2640\" data-end=\"2682\">Communication des donn\u00e9es personnelles<\/h3>\n<p data-start=\"2684\" data-end=\"2997\">Les donn\u00e9es personnelles ne sont accessibles qu\u2019aux personnes habilit\u00e9es par M.TH Avocat.<br data-start=\"2773\" data-end=\"2776\" \/>Elles peuvent \u00eatre communiqu\u00e9es, de mani\u00e8re strictement encadr\u00e9e, \u00e0 des tiers dans le cadre des missions confi\u00e9es (confr\u00e8res, experts, traducteurs, correspondants locaux, etc.), dans la mesure n\u00e9cessaire \u00e0 leur ex\u00e9cution.<\/p>\n<hr data-start=\"2999\" data-end=\"3002\" \/>\n<h3 data-start=\"3004\" data-end=\"3016\">S\u00e9curit\u00e9<\/h3>\n<p data-start=\"3018\" data-end=\"3207\">M.TH Avocat met en \u0153uvre des <strong data-start=\"3047\" data-end=\"3115\">mesures de s\u00e9curit\u00e9 techniques et organisationnelles appropri\u00e9es<\/strong> pour garantir la confidentialit\u00e9, l\u2019int\u00e9grit\u00e9 et la disponibilit\u00e9 des donn\u00e9es personnelles.<\/p>\n<hr data-start=\"3209\" data-end=\"3212\" \/>\n<h3 data-start=\"3214\" data-end=\"3239\">Dur\u00e9e de conservation<\/h3>\n<ul data-start=\"3241\" data-end=\"3538\">\n<li data-start=\"3241\" data-end=\"3403\">\n<p data-start=\"3243\" data-end=\"3403\">Les donn\u00e9es li\u00e9es \u00e0 la gestion des dossiers sont conserv\u00e9es pendant la dur\u00e9e de la relation client, puis archiv\u00e9es pendant <strong data-start=\"3366\" data-end=\"3382\">cinq (5) ans<\/strong> \u00e0 compter de sa fin.<\/p>\n<\/li>\n<li data-start=\"3404\" data-end=\"3538\">\n<p data-start=\"3406\" data-end=\"3538\">Les documents comptables (factures, honoraires, etc.) sont conserv\u00e9s pendant <strong data-start=\"3483\" data-end=\"3499\">dix (10) ans<\/strong>, conform\u00e9ment aux obligations l\u00e9gales.<\/p>\n<\/li>\n<\/ul>\n<hr data-start=\"3540\" data-end=\"3543\" \/>\n<h3 data-start=\"3545\" data-end=\"3559\">Vos droits<\/h3>\n<p data-start=\"3561\" data-end=\"3639\">Vous disposez, dans les conditions pr\u00e9vues par la loi, des droits suivants :<\/p>\n<ul data-start=\"3640\" data-end=\"3803\">\n<li data-start=\"3640\" data-end=\"3676\">\n<p data-start=\"3642\" data-end=\"3676\">Acc\u00e8s, rectification, effacement<\/p>\n<\/li>\n<li data-start=\"3677\" data-end=\"3719\">\n<p data-start=\"3679\" data-end=\"3719\">Limitation ou opposition au traitement<\/p>\n<\/li>\n<li data-start=\"3720\" data-end=\"3747\">\n<p data-start=\"3722\" data-end=\"3747\">Portabilit\u00e9 des donn\u00e9es<\/p>\n<\/li>\n<li data-start=\"3748\" data-end=\"3803\">\n<p data-start=\"3750\" data-end=\"3803\">Organisation du sort de vos donn\u00e9es apr\u00e8s votre d\u00e9c\u00e8s<\/p>\n<\/li>\n<\/ul>\n<p data-start=\"3805\" data-end=\"3935\">Vous pouvez \u00e9galement introduire une r\u00e9clamation aupr\u00e8s de la <strong data-start=\"3867\" data-end=\"3875\">CNIL<\/strong> (<a data-start=\"3877\" data-end=\"3888\" rel=\"noopener\" target=\"_new\" class=\"\" href=\"http:\/\/www.cnil.fr\">www.cnil.fr<\/a>), situ\u00e9e <strong data-start=\"3898\" data-end=\"3934\">3 Place de Fontenoy, 75007 Paris<\/strong>.<\/p>\n<p data-start=\"3937\" data-end=\"4067\">Vous pouvez exercer vos droits, sans frais, en nous contactant par email ou courrier postal aux coordonn\u00e9es mentionn\u00e9es ci-dessus.<\/p>\n<p>[\/et_pb_text][\/et_pb_column][\/et_pb_row][\/et_pb_section][et_pb_section fb_built=\u00a0\u00bb1&Prime; _builder_version=\u00a0\u00bb4.27.4&Prime; _module_preset=\u00a0\u00bbdefault\u00a0\u00bb background_image=\u00a0\u00bbhttps:\/\/mthavocat.com\/wp-content\/uploads\/2025\/07\/john-lee-P04HX9SpTfU-unsplash-scaled.jpg\u00a0\u00bb parallax=\u00a0\u00bbon\u00a0\u00bb parallax_method=\u00a0\u00bboff\u00a0\u00bb custom_margin=\u00a0\u00bb-105px|||||\u00a0\u00bb custom_padding=\u00a0\u00bb53px||0px|||\u00a0\u00bb hover_enabled=\u00a0\u00bb0&Prime; global_colors_info=\u00a0\u00bb{}\u00a0\u00bb disabled_on=\u00a0\u00bbon|on|off\u00a0\u00bb sticky_enabled=\u00a0\u00bb0&Prime;][\/et_pb_section]<\/p>\n","protected":false},"excerpt":{"rendered":"<p>Politique de confidentialit\u00e9 M.TH Avocat Dans le cadre de ses activit\u00e9s, M.TH Avocat collecte et traite les donn\u00e9es personnelles de ses clients, partenaires et visiteurs du site. M.TH Avocat est le seul destinataire des informations personnelles transmises via le Site. Ces donn\u00e9es ne sont en aucun cas c\u00e9d\u00e9es \u00e0 des tiers \u00e0 des fins commerciales. [&hellip;]<\/p>\n","protected":false},"author":1,"featured_media":0,"parent":0,"menu_order":0,"comment_status":"closed","ping_status":"closed","template":"","meta":{"_et_pb_use_builder":"on","_et_pb_old_content":"","_et_gb_content_width":"","footnotes":""},"class_list":["post-642","page","type-page","status-publish","hentry"],"yoast_head":"<!-- This site is optimized with the Yoast SEO plugin v26.6 - https:\/\/yoast.com\/wordpress\/plugins\/seo\/ -->\n<title>Politique de confidentialit\u00e9 | MTH Avocat<\/title>\n<meta name=\"robots\" content=\"index, follow, max-snippet:-1, max-image-preview:large, max-video-preview:-1\" \/>\n<link rel=\"canonical\" href=\"https:\/\/mthavocat.com\/es\/politica-de-privacidad\/\" \/>\n<meta property=\"og:locale\" content=\"es_ES\" \/>\n<meta property=\"og:type\" content=\"article\" \/>\n<meta property=\"og:title\" content=\"Politique de confidentialit\u00e9 | MTH Avocat\" \/>\n<meta property=\"og:description\" content=\"Politique de confidentialit\u00e9 M.TH Avocat Dans le cadre de ses activit\u00e9s, M.TH Avocat collecte et traite les donn\u00e9es personnelles de ses clients, partenaires et visiteurs du site. M.TH Avocat est le seul destinataire des informations personnelles transmises via le Site. Ces donn\u00e9es ne sont en aucun cas c\u00e9d\u00e9es \u00e0 des tiers \u00e0 des fins commerciales. [&hellip;]\" \/>\n<meta property=\"og:url\" content=\"https:\/\/mthavocat.com\/es\/politica-de-privacidad\/\" \/>\n<meta property=\"og:site_name\" content=\"MTH Avocat\" \/>\n<meta property=\"article:modified_time\" content=\"2025-09-09T07:18:45+00:00\" \/>\n<meta property=\"og:image\" content=\"https:\/\/mthavocat.com\/wp-content\/uploads\/2025\/08\/cropped-M.TH-Avocat-1.png\" \/>\n\t<meta property=\"og:image:width\" content=\"512\" \/>\n\t<meta property=\"og:image:height\" content=\"512\" \/>\n\t<meta property=\"og:image:type\" content=\"image\/png\" \/>\n<meta name=\"twitter:card\" content=\"summary_large_image\" \/>\n<meta name=\"twitter:label1\" content=\"Tiempo de lectura\" \/>\n\t<meta name=\"twitter:data1\" content=\"4 minutos\" \/>\n<script type=\"application\/ld+json\" class=\"yoast-schema-graph\">{\"@context\":\"https:\/\/schema.org\",\"@graph\":[{\"@type\":\"WebPage\",\"@id\":\"https:\/\/mthavocat.com\/politiquedeconfidentialite\/\",\"url\":\"https:\/\/mthavocat.com\/politiquedeconfidentialite\/\",\"name\":\"Politique de confidentialit\u00e9 | MTH Avocat\",\"isPartOf\":{\"@id\":\"https:\/\/mthavocat.com\/#website\"},\"datePublished\":\"2025-08-01T22:50:04+00:00\",\"dateModified\":\"2025-09-09T07:18:45+00:00\",\"breadcrumb\":{\"@id\":\"https:\/\/mthavocat.com\/politiquedeconfidentialite\/#breadcrumb\"},\"inLanguage\":\"es\",\"potentialAction\":[{\"@type\":\"ReadAction\",\"target\":[\"https:\/\/mthavocat.com\/politiquedeconfidentialite\/\"]}]},{\"@type\":\"BreadcrumbList\",\"@id\":\"https:\/\/mthavocat.com\/politiquedeconfidentialite\/#breadcrumb\",\"itemListElement\":[{\"@type\":\"ListItem\",\"position\":1,\"name\":\"Accueil\",\"item\":\"https:\/\/mthavocat.com\/\"},{\"@type\":\"ListItem\",\"position\":2,\"name\":\"Politique de confidentialit\u00e9\"}]},{\"@type\":\"WebSite\",\"@id\":\"https:\/\/mthavocat.com\/#website\",\"url\":\"https:\/\/mthavocat.com\/\",\"name\":\"MTH Avocat\",\"description\":\"Le droit des affaires ind\u00e9pendant et engag\u00e9.\",\"publisher\":{\"@id\":\"https:\/\/mthavocat.com\/#\/schema\/person\/d319a8c4dd1a55bf6a69bb291fb65927\"},\"potentialAction\":[{\"@type\":\"SearchAction\",\"target\":{\"@type\":\"EntryPoint\",\"urlTemplate\":\"https:\/\/mthavocat.com\/?s={search_term_string}\"},\"query-input\":{\"@type\":\"PropertyValueSpecification\",\"valueRequired\":true,\"valueName\":\"search_term_string\"}}],\"inLanguage\":\"es\"},{\"@type\":[\"Person\",\"Organization\"],\"@id\":\"https:\/\/mthavocat.com\/#\/schema\/person\/d319a8c4dd1a55bf6a69bb291fb65927\",\"name\":\"Mbaye-Yacine THIAM\",\"image\":{\"@type\":\"ImageObject\",\"inLanguage\":\"es\",\"@id\":\"https:\/\/mthavocat.com\/#\/schema\/person\/image\/\",\"url\":\"https:\/\/mthavocat.com\/wp-content\/uploads\/2025\/08\/cropped-M.TH-Avocat-1.png\",\"contentUrl\":\"https:\/\/mthavocat.com\/wp-content\/uploads\/2025\/08\/cropped-M.TH-Avocat-1.png\",\"width\":512,\"height\":512,\"caption\":\"Mbaye-Yacine THIAM\"},\"logo\":{\"@id\":\"https:\/\/mthavocat.com\/#\/schema\/person\/image\/\"},\"description\":\"Avocat au Barreau de Paris, Mbaye-Yacine THIAM exerce en contentieux des affaires, en droit p\u00e9nal et en droit du travail. Il s\u2019engage en particulier pour la protection des lanceurs d\u2019alerte, qu\u2019il accompagne tant en conseil qu\u2019en contentieux. Il a fond\u00e9 M.TH Avocat, cabinet d\u2019affaires ind\u00e9pendant qui intervient aupr\u00e8s d\u2019une client\u00e8le fran\u00e7aise et internationale compos\u00e9e d\u2019entreprises, de dirigeants et d\u2019associations.\",\"sameAs\":[\"https:\/\/mthavocat.com\",\"www.linkedin.com\/in\/mbaye-yacine-thiam-ab145988\"]}]}<\/script>\n<!-- \/ Yoast SEO plugin. -->","yoast_head_json":{"title":"Pol\u00edtica de privacidad | MTH Avocat","robots":{"index":"index","follow":"follow","max-snippet":"max-snippet:-1","max-image-preview":"max-image-preview:large","max-video-preview":"max-video-preview:-1"},"canonical":"https:\/\/mthavocat.com\/es\/politica-de-privacidad\/","og_locale":"es_ES","og_type":"article","og_title":"Politique de confidentialit\u00e9 | MTH Avocat","og_description":"Politique de confidentialit\u00e9 M.TH Avocat Dans le cadre de ses activit\u00e9s, M.TH Avocat collecte et traite les donn\u00e9es personnelles de ses clients, partenaires et visiteurs du site. M.TH Avocat est le seul destinataire des informations personnelles transmises via le Site. Ces donn\u00e9es ne sont en aucun cas c\u00e9d\u00e9es \u00e0 des tiers \u00e0 des fins commerciales. [&hellip;]","og_url":"https:\/\/mthavocat.com\/es\/politica-de-privacidad\/","og_site_name":"MTH Avocat","article_modified_time":"2025-09-09T07:18:45+00:00","og_image":[{"width":512,"height":512,"url":"https:\/\/mthavocat.com\/wp-content\/uploads\/2025\/08\/cropped-M.TH-Avocat-1.png","type":"image\/png"}],"twitter_card":"summary_large_image","twitter_misc":{"Tiempo de lectura":"4 minutos"},"schema":{"@context":"https:\/\/schema.org","@graph":[{"@type":"WebPage","@id":"https:\/\/mthavocat.com\/politiquedeconfidentialite\/","url":"https:\/\/mthavocat.com\/politiquedeconfidentialite\/","name":"Pol\u00edtica de privacidad | MTH Avocat","isPartOf":{"@id":"https:\/\/mthavocat.com\/#website"},"datePublished":"2025-08-01T22:50:04+00:00","dateModified":"2025-09-09T07:18:45+00:00","breadcrumb":{"@id":"https:\/\/mthavocat.com\/politiquedeconfidentialite\/#breadcrumb"},"inLanguage":"es","potentialAction":[{"@type":"ReadAction","target":["https:\/\/mthavocat.com\/politiquedeconfidentialite\/"]}]},{"@type":"BreadcrumbList","@id":"https:\/\/mthavocat.com\/politiquedeconfidentialite\/#breadcrumb","itemListElement":[{"@type":"ListItem","position":1,"name":"Accueil","item":"https:\/\/mthavocat.com\/"},{"@type":"ListItem","position":2,"name":"Politique de confidentialit\u00e9"}]},{"@type":"WebSite","@id":"https:\/\/mthavocat.com\/#website","url":"https:\/\/mthavocat.com\/","name":"Abogado MTH","description":"El derecho mercantil independiente y comprometido.","publisher":{"@id":"https:\/\/mthavocat.com\/#\/schema\/person\/d319a8c4dd1a55bf6a69bb291fb65927"},"potentialAction":[{"@type":"SearchAction","target":{"@type":"EntryPoint","urlTemplate":"https:\/\/mthavocat.com\/?s={search_term_string}"},"query-input":{"@type":"PropertyValueSpecification","valueRequired":true,"valueName":"search_term_string"}}],"inLanguage":"es"},{"@type":["Person","Organization"],"@id":"https:\/\/mthavocat.com\/#\/schema\/person\/d319a8c4dd1a55bf6a69bb291fb65927","name":"Mbaye-Yacine THIAM","image":{"@type":"ImageObject","inLanguage":"es","@id":"https:\/\/mthavocat.com\/#\/schema\/person\/image\/","url":"https:\/\/mthavocat.com\/wp-content\/uploads\/2025\/08\/cropped-M.TH-Avocat-1.png","contentUrl":"https:\/\/mthavocat.com\/wp-content\/uploads\/2025\/08\/cropped-M.TH-Avocat-1.png","width":512,"height":512,"caption":"Mbaye-Yacine THIAM"},"logo":{"@id":"https:\/\/mthavocat.com\/#\/schema\/person\/image\/"},"description":"Mbaye-Yacine Thiam es miembro del Colegio de Abogados de Par\u00eds y est\u00e1 especializado en litigios empresariales, derecho penal y derecho laboral. Est\u00e1 especialmente comprometido con la protecci\u00f3n de los denunciantes, a los que asesora y asiste en litigios. Fund\u00f3 M.TH Avocat, un bufete independiente de derecho mercantil que asesora a clientes franceses e internacionales, incluidas empresas, directivos y asociaciones.","sameAs":["https:\/\/mthavocat.com","www.linkedin.com\/in\/mbaye-yacine-thiam-ab145988"]}]}},"_links":{"self":[{"href":"https:\/\/mthavocat.com\/es\/wp-json\/wp\/v2\/pages\/642","targetHints":{"allow":["GET"]}}],"collection":[{"href":"https:\/\/mthavocat.com\/es\/wp-json\/wp\/v2\/pages"}],"about":[{"href":"https:\/\/mthavocat.com\/es\/wp-json\/wp\/v2\/types\/page"}],"author":[{"embeddable":true,"href":"https:\/\/mthavocat.com\/es\/wp-json\/wp\/v2\/users\/1"}],"replies":[{"embeddable":true,"href":"https:\/\/mthavocat.com\/es\/wp-json\/wp\/v2\/comments?post=642"}],"version-history":[{"count":8,"href":"https:\/\/mthavocat.com\/es\/wp-json\/wp\/v2\/pages\/642\/revisions"}],"predecessor-version":[{"id":993,"href":"https:\/\/mthavocat.com\/es\/wp-json\/wp\/v2\/pages\/642\/revisions\/993"}],"wp:attachment":[{"href":"https:\/\/mthavocat.com\/es\/wp-json\/wp\/v2\/media?parent=642"}],"curies":[{"name":"wp","href":"https:\/\/api.w.org\/{rel}","templated":true}]}}